{"id":9746,"date":"2025-07-10T13:57:08","date_gmt":"2025-07-10T13:57:08","guid":{"rendered":"https:\/\/rvsaude.com.br\/?page_id=9746"},"modified":"2025-07-11T12:14:17","modified_gmt":"2025-07-11T12:14:17","slug":"realidade-virtual-no-tratamento-oncologico","status":"publish","type":"page","link":"https:\/\/rvsaude.com.br\/en\/realidade-virtual-no-tratamento-oncologico\/","title":{"rendered":"Realidade Virtual no Tratamento Oncol\u00f3gico"},"content":{"rendered":"<div data-elementor-type=\"wp-page\" data-elementor-id=\"9746\" class=\"elementor elementor-9746\" data-elementor-post-type=\"page\">\n\t\t\t\t<div class=\"elementor-element elementor-element-a88ddf3 e-flex e-con-boxed e-con e-parent\" data-id=\"a88ddf3\" data-element_type=\"container\">\n\t\t\t\t\t<div class=\"e-con-inner\">\n\t\t<div class=\"elementor-element elementor-element-58e5ce6 e-flex e-con-boxed e-con e-child\" data-id=\"58e5ce6\" data-element_type=\"container\">\n\t\t\t\t\t<div class=\"e-con-inner\">\n\t\t<div class=\"elementor-element elementor-element-711afcd e-con-full e-flex e-con e-child\" data-id=\"711afcd\" data-element_type=\"container\">\n\t\t\t\t<div class=\"elementor-element elementor-element-bcab520 elementor-align-center subtitle-position-above elementor-widget__width-initial elementor-tablet-align-center elementor-tablet_extra-align-center elementor-widget elementor-widget-suseio-heading\" data-id=\"bcab520\" data-element_type=\"widget\" data-settings=\"{&quot;ekit_we_effect_on&quot;:&quot;none&quot;}\" data-widget_type=\"suseio-heading.default\">\n\t\t\t\t<div class=\"elementor-widget-container\">\n\t\t\t\t\t<div class=\"elementor-heading-wrapper-inner\"><h2 class=\"elementor-heading-title elementor-size-default\">Realidade Virtual no Tratamento Oncol\u00f3gico<\/h2><\/div>\t\t\t\t<\/div>\n\t\t\t\t<\/div>\n\t\t\t\t<\/div>\n\t\t<div class=\"elementor-element elementor-element-8bb4994 e-con-full e-grid e-con e-child\" data-id=\"8bb4994\" data-element_type=\"container\">\n\t\t<div class=\"elementor-element elementor-element-636abf4 e-con-full e-flex e-con e-child\" data-id=\"636abf4\" data-element_type=\"container\" data-settings=\"{&quot;background_background&quot;:&quot;classic&quot;}\">\n\t\t\t\t<div class=\"elementor-element elementor-element-cd92774 reverse-direction-image-yes elementor-position-top elementor-vertical-align-top elementor-widget elementor-widget-image-box\" data-id=\"cd92774\" data-element_type=\"widget\" data-settings=\"{&quot;ekit_we_effect_on&quot;:&quot;none&quot;}\" data-widget_type=\"image-box.default\">\n\t\t\t\t<div class=\"elementor-widget-container\">\n\t\t\t\t\t<div class=\"elementor-image-box-wrapper\"><figure class=\"elementor-image-box-img\"><div class=\"elementor-image-box-img-inner\"><img fetchpriority=\"high\" decoding=\"async\" width=\"1024\" height=\"682\" src=\"https:\/\/rvsaude.com.br\/wp-content\/uploads\/2025\/01\/Dra-Jaqueline-Maria-_RV-Saude-04-1024x682-1.jpeg\" class=\"elementor-animation-bob attachment-full size-full wp-image-8295\" alt=\"\" srcset=\"https:\/\/rvsaude.com.br\/wp-content\/uploads\/2025\/01\/Dra-Jaqueline-Maria-_RV-Saude-04-1024x682-1.jpeg 1024w, https:\/\/rvsaude.com.br\/wp-content\/uploads\/2025\/01\/Dra-Jaqueline-Maria-_RV-Saude-04-1024x682-1-300x200.jpeg 300w, https:\/\/rvsaude.com.br\/wp-content\/uploads\/2025\/01\/Dra-Jaqueline-Maria-_RV-Saude-04-1024x682-1-768x512.jpeg 768w, https:\/\/rvsaude.com.br\/wp-content\/uploads\/2025\/01\/Dra-Jaqueline-Maria-_RV-Saude-04-1024x682-1-18x12.jpeg 18w, https:\/\/rvsaude.com.br\/wp-content\/uploads\/2025\/01\/Dra-Jaqueline-Maria-_RV-Saude-04-1024x682-1-781x520.jpeg 781w\" sizes=\"(max-width: 1024px) 100vw, 1024px\" \/><\/div><\/figure><div class=\"elementor-image-box-content\"><h3 class=\"elementor-image-box-title\">Realidade virtual no tratamento oncol\u00f3gico adulto e infantil<\/h3><p class=\"elementor-image-box-description\">No tratamento oncol\u00f3gico, a Realidade Virtual (RV) surge como uma solu\u00e7\u00e3o inovadora que est\u00e1 mudando a forma como adultos e crian\u00e7as enfrentam procedimentos, exames e terapias, tornando a experi\u00eancia hospitalar mais leve, acolhedora e menos traum\u00e1tica.<\/p><\/div><\/div>\t\t\t\t<\/div>\n\t\t\t\t<\/div>\n\t\t\t\t<\/div>\n\t\t<div class=\"elementor-element elementor-element-ced3aaf e-con-full e-flex e-con e-child\" data-id=\"ced3aaf\" data-element_type=\"container\" data-settings=\"{&quot;background_background&quot;:&quot;classic&quot;}\">\n\t\t\t\t<div class=\"elementor-element elementor-element-35f7c18 reverse-direction-image-yes elementor-position-top elementor-vertical-align-top elementor-widget elementor-widget-image-box\" data-id=\"35f7c18\" data-element_type=\"widget\" data-settings=\"{&quot;ekit_we_effect_on&quot;:&quot;none&quot;}\" data-widget_type=\"image-box.default\">\n\t\t\t\t<div class=\"elementor-widget-container\">\n\t\t\t\t\t<div class=\"elementor-image-box-wrapper\"><figure class=\"elementor-image-box-img\"><div class=\"elementor-image-box-img-inner\"><img decoding=\"async\" width=\"1024\" height=\"682\" src=\"https:\/\/rvsaude.com.br\/wp-content\/uploads\/2025\/01\/Oculos-virtual-RV-Saude-06-1024x682-1.jpeg\" class=\"elementor-animation-bob attachment-full size-full wp-image-8278\" alt=\"\" srcset=\"https:\/\/rvsaude.com.br\/wp-content\/uploads\/2025\/01\/Oculos-virtual-RV-Saude-06-1024x682-1.jpeg 1024w, https:\/\/rvsaude.com.br\/wp-content\/uploads\/2025\/01\/Oculos-virtual-RV-Saude-06-1024x682-1-300x200.jpeg 300w, https:\/\/rvsaude.com.br\/wp-content\/uploads\/2025\/01\/Oculos-virtual-RV-Saude-06-1024x682-1-768x512.jpeg 768w, https:\/\/rvsaude.com.br\/wp-content\/uploads\/2025\/01\/Oculos-virtual-RV-Saude-06-1024x682-1-18x12.jpeg 18w, https:\/\/rvsaude.com.br\/wp-content\/uploads\/2025\/01\/Oculos-virtual-RV-Saude-06-1024x682-1-781x520.jpeg 781w\" sizes=\"(max-width: 1024px) 100vw, 1024px\" \/><\/div><\/figure><div class=\"elementor-image-box-content\"><h3 class=\"elementor-image-box-title\">O que \u00e9 a Realidade Virtual Terap\u00eautica?<\/h3><p class=\"elementor-image-box-description\">Realidade Virtual Terap\u00eautica usa \u00f3culos de RV e ambientes imersivos para levar o paciente a cen\u00e1rios relaxantes, como trilhas, praias ou mundos l\u00fadicos. Essa imers\u00e3o ajuda a reduzir ansiedade, medo e o estresse do ambiente hospitalar, promovendo bem-estar durante o tratamento.<\/p><\/div><\/div>\t\t\t\t<\/div>\n\t\t\t\t<\/div>\n\t\t\t\t<\/div>\n\t\t<div class=\"elementor-element elementor-element-3c7fdf1 e-con-full e-flex e-con e-child\" data-id=\"3c7fdf1\" data-element_type=\"container\" data-settings=\"{&quot;background_background&quot;:&quot;classic&quot;}\">\n\t\t\t\t<div class=\"elementor-element elementor-element-be163e0 reverse-direction-image-yes elementor-position-top elementor-vertical-align-top elementor-widget elementor-widget-image-box\" data-id=\"be163e0\" data-element_type=\"widget\" data-settings=\"{&quot;ekit_we_effect_on&quot;:&quot;none&quot;}\" data-widget_type=\"image-box.default\">\n\t\t\t\t<div class=\"elementor-widget-container\">\n\t\t\t\t\t<div class=\"elementor-image-box-wrapper\"><figure class=\"elementor-image-box-img\"><div class=\"elementor-image-box-img-inner\"><img decoding=\"async\" width=\"840\" height=\"520\" src=\"https:\/\/rvsaude.com.br\/wp-content\/uploads\/2025\/01\/rv-saude-02.webp\" class=\"elementor-animation-bob attachment-full size-full wp-image-8288\" alt=\"\" srcset=\"https:\/\/rvsaude.com.br\/wp-content\/uploads\/2025\/01\/rv-saude-02.webp 840w, https:\/\/rvsaude.com.br\/wp-content\/uploads\/2025\/01\/rv-saude-02-300x186.webp 300w, https:\/\/rvsaude.com.br\/wp-content\/uploads\/2025\/01\/rv-saude-02-768x475.webp 768w, https:\/\/rvsaude.com.br\/wp-content\/uploads\/2025\/01\/rv-saude-02-18x12.webp 18w\" sizes=\"(max-width: 840px) 100vw, 840px\" \/><\/div><\/figure><div class=\"elementor-image-box-content\"><h3 class=\"elementor-image-box-title\">Como funciona no tratamento do c\u00e2ncer<\/h3><p class=\"elementor-image-box-description\">Durante quimioterapia, exames ou procedimentos dolorosos, o paciente usa \u00f3culos de Realidade Virtual e \u00e9 transportado para cen\u00e1rios seguros e agrad\u00e1veis. A imers\u00e3o reduz o estresse, ajuda no controle da dor e, no caso das crian\u00e7as, facilita a compreens\u00e3o do tratamento de forma l\u00fadica.<\/p><\/div><\/div>\t\t\t\t<\/div>\n\t\t\t\t<\/div>\n\t\t\t\t<\/div>\n\t\t\t\t<\/div>\n\t\t<div class=\"elementor-element elementor-element-360d77c e-con-full e-flex e-con e-child\" data-id=\"360d77c\" data-element_type=\"container\" data-settings=\"{&quot;background_background&quot;:&quot;classic&quot;}\">\n\t\t<div class=\"elementor-element elementor-element-7fa12de e-con-full e-flex e-con e-child\" data-id=\"7fa12de\" data-element_type=\"container\">\n\t\t\t\t<div class=\"elementor-element elementor-element-4f50386 elementor-widget elementor-widget-heading\" data-id=\"4f50386\" data-element_type=\"widget\" data-settings=\"{&quot;ekit_we_effect_on&quot;:&quot;none&quot;}\" data-widget_type=\"heading.default\">\n\t\t\t\t<div class=\"elementor-widget-container\">\n\t\t\t\t\t<h2 class=\"elementor-heading-title elementor-size-default\">Adapta\u00e7\u00e3o personalizada e v\u00e1rios benef\u00edcios comprovados para adultos e crian\u00e7as\n\n<\/h2>\t\t\t\t<\/div>\n\t\t\t\t<\/div>\n\t\t\t\t<div class=\"elementor-element elementor-element-1c3b3c9 elementor-widget elementor-widget-text-editor\" data-id=\"1c3b3c9\" data-element_type=\"widget\" data-settings=\"{&quot;ekit_we_effect_on&quot;:&quot;none&quot;}\" data-widget_type=\"text-editor.default\">\n\t\t\t\t<div class=\"elementor-widget-container\">\n\t\t\t\t\t\t\t\t\t<p data-start=\"198\" data-end=\"631\">A Realidade Virtual vem revolucionando o cuidado em sa\u00fade \u2014 e os resultados s\u00e3o comprovados por estudos internacionais e institui\u00e7\u00f5es pioneiras. Em adultos e crian\u00e7as, a tecnologia contribui para uma redu\u00e7\u00e3o significativa da ansiedade, chegando a at\u00e9 90% durante exames e terapias. Pacientes relatam maior conforto, relaxamento e aceita\u00e7\u00e3o do tratamento, o que impacta diretamente na diminui\u00e7\u00e3o do uso de analg\u00e9sicos e ansiol\u00edticos.<\/p><p data-start=\"633\" data-end=\"886\">Al\u00e9m disso, a confian\u00e7a aumenta e a participa\u00e7\u00e3o no processo de cuidado se torna mais ativa. No caso das crian\u00e7as, h\u00e1 um suporte direto ao desenvolvimento emocional e sensorial, tornando os procedimentos menos traum\u00e1ticos, mais r\u00e1pidos e colaborativos.<\/p><p data-start=\"888\" data-end=\"1367\">A solu\u00e7\u00e3o \u00e9 adapt\u00e1vel a diferentes perfis e idades. Para o p\u00fablico infantil, oferece cen\u00e1rios l\u00fadicos e educativos que ajudam a entender o tratamento de forma leve, reduzindo traumas. J\u00e1 os adultos t\u00eam acesso a ambientes relaxantes com trilhas guiadas que estimulam pr\u00e1ticas de respira\u00e7\u00e3o, mindfulness e al\u00edvio do estresse. Pacientes com claustrofobia, dificuldades de colabora\u00e7\u00e3o ou necessidades especiais tamb\u00e9m encontram m\u00f3dulos espec\u00edficos que oferecem suporte personalizado.<\/p><p data-start=\"1369\" data-end=\"1569\">Com uma interface intuitiva, o sistema \u00e9 de f\u00e1cil utiliza\u00e7\u00e3o tanto para os pacientes quanto para os profissionais de sa\u00fade, garantindo seguran\u00e7a, acessibilidade e humaniza\u00e7\u00e3o em cada etapa do cuidado.<\/p>\t\t\t\t\t\t\t\t<\/div>\n\t\t\t\t<\/div>\n\t\t\t\t<\/div>\n\t\t<div class=\"elementor-element elementor-element-e7018ad e-con-full e-flex e-con e-child\" data-id=\"e7018ad\" data-element_type=\"container\">\n\t\t\t\t<div class=\"elementor-element elementor-element-e4fa5c1 elementor-widget elementor-widget-video\" data-id=\"e4fa5c1\" data-element_type=\"widget\" data-settings=\"{&quot;youtube_url&quot;:&quot;https:\\\/\\\/www.youtube.com\\\/watch?v=AzTqgUIWXyA&amp;ab_channel=TVPaju%C3%A7ara&quot;,&quot;show_image_overlay&quot;:&quot;yes&quot;,&quot;image_overlay&quot;:{&quot;url&quot;:&quot;https:\\\/\\\/rvsaude.com.br\\\/wp-content\\\/uploads\\\/2025\\\/01\\\/IMG_1907.jpg&quot;,&quot;id&quot;:8063,&quot;size&quot;:&quot;&quot;,&quot;alt&quot;:&quot;&quot;,&quot;source&quot;:&quot;library&quot;},&quot;video_type&quot;:&quot;youtube&quot;,&quot;controls&quot;:&quot;yes&quot;,&quot;ekit_we_effect_on&quot;:&quot;none&quot;}\" data-widget_type=\"video.default\">\n\t\t\t\t<div class=\"elementor-widget-container\">\n\t\t\t\t\t\t\t<div class=\"elementor-wrapper elementor-open-inline\">\n\t\t\t<div class=\"elementor-video\"><\/div>\t\t\t\t<div class=\"elementor-custom-embed-image-overlay\" style=\"background-image: url(https:\/\/rvsaude.com.br\/wp-content\/uploads\/2025\/01\/IMG_1907.jpg);\">\n\t\t\t\t\t\t\t\t\t\t\t\t\t\t\t\t<div class=\"elementor-custom-embed-play\" role=\"button\" aria-label=\"Play Video\" tabindex=\"0\">\n\t\t\t\t\t\t\t<svg aria-hidden=\"true\" class=\"e-font-icon-svg e-eicon-play\" viewbox=\"0 0 1000 1000\" xmlns=\"http:\/\/www.w3.org\/2000\/svg\"><path d=\"M838 162C746 71 633 25 500 25 371 25 258 71 163 162 71 254 25 367 25 500 25 633 71 746 163 837 254 929 367 979 500 979 633 979 746 933 838 837 929 746 975 633 975 500 975 367 929 254 838 162M808 192C892 279 933 379 933 500 933 621 892 725 808 808 725 892 621 938 500 938 379 938 279 896 196 808 113 725 67 621 67 500 67 379 108 279 196 192 279 108 383 62 500 62 621 62 721 108 808 192M438 392V642L642 517 438 392Z\"><\/path><\/svg>\t\t\t\t\t\t<\/div>\n\t\t\t\t\t\t\t\t\t<\/div>\n\t\t\t\t\t<\/div>\n\t\t\t\t\t\t<\/div>\n\t\t\t\t<\/div>\n\t\t\t\t<\/div>\n\t\t\t\t<\/div>\n\t\t\t\t\t<\/div>\n\t\t\t\t<\/div>\n\t\t\t\t\t<\/div>\n\t\t\t\t<\/div>\n\t\t\t\t<\/div>\n\t\t\n    <div class=\"xs_social_share_widget xs_share_url after_content \t\tmain_content  wslu-style-1 wslu-share-box-shaped wslu-fill-colored wslu-none wslu-share-horizontal wslu-theme-font-no wslu-main_content\">\n\n\t\t\n        <ul>\n\t\t\t        <\/ul>\n    <\/div>","protected":false},"excerpt":{"rendered":"<p>Realidade Virtual no Tratamento Oncol\u00f3gico Realidade virtual no tratamento oncol\u00f3gico adulto e infantil No tratamento oncol\u00f3gico, a Realidade Virtual (RV) surge como uma solu\u00e7\u00e3o inovadora que est\u00e1 mudando a forma como adultos e crian\u00e7as enfrentam procedimentos, exames e terapias, tornando a experi\u00eancia hospitalar mais leve, acolhedora e menos traum\u00e1tica. O que \u00e9 a Realidade Virtual [&hellip;]<\/p>","protected":false},"author":1,"featured_media":0,"parent":0,"menu_order":0,"comment_status":"closed","ping_status":"closed","template":"","meta":{"postBodyCss":"","postBodyMargin":[],"postBodyPadding":[],"postBodyBackground":{"backgroundType":"classic","gradient":""},"footnotes":""},"class_list":["post-9746","page","type-page","status-publish","hentry"],"_links":{"self":[{"href":"https:\/\/rvsaude.com.br\/en\/wp-json\/wp\/v2\/pages\/9746","targetHints":{"allow":["GET"]}}],"collection":[{"href":"https:\/\/rvsaude.com.br\/en\/wp-json\/wp\/v2\/pages"}],"about":[{"href":"https:\/\/rvsaude.com.br\/en\/wp-json\/wp\/v2\/types\/page"}],"author":[{"embeddable":true,"href":"https:\/\/rvsaude.com.br\/en\/wp-json\/wp\/v2\/users\/1"}],"replies":[{"embeddable":true,"href":"https:\/\/rvsaude.com.br\/en\/wp-json\/wp\/v2\/comments?post=9746"}],"version-history":[{"count":112,"href":"https:\/\/rvsaude.com.br\/en\/wp-json\/wp\/v2\/pages\/9746\/revisions"}],"predecessor-version":[{"id":9880,"href":"https:\/\/rvsaude.com.br\/en\/wp-json\/wp\/v2\/pages\/9746\/revisions\/9880"}],"wp:attachment":[{"href":"https:\/\/rvsaude.com.br\/en\/wp-json\/wp\/v2\/media?parent=9746"}],"curies":[{"name":"wp","href":"https:\/\/api.w.org\/{rel}","templated":true}]}}