{"id":8593,"date":"2025-01-23T18:17:12","date_gmt":"2025-01-23T18:17:12","guid":{"rendered":"https:\/\/rvsaude.com.br\/?page_id=8593"},"modified":"2025-02-03T16:33:45","modified_gmt":"2025-02-03T16:33:45","slug":"servico-humanizado","status":"publish","type":"page","link":"https:\/\/rvsaude.com.br\/en\/servico-humanizado\/","title":{"rendered":"Servi\u00e7o Humanizado"},"content":{"rendered":"<div data-elementor-type=\"wp-page\" data-elementor-id=\"8593\" class=\"elementor elementor-8593\" data-elementor-post-type=\"page\">\n\t\t\t\t<div class=\"elementor-element elementor-element-9518450 e-flex e-con-boxed e-con e-parent\" data-id=\"9518450\" data-element_type=\"container\">\n\t\t\t\t\t<div class=\"e-con-inner\">\n\t\t<div class=\"elementor-element elementor-element-1008fc7 e-con-full e-flex elementor-invisible e-con e-child\" data-id=\"1008fc7\" data-element_type=\"container\" data-settings=\"{&quot;animation&quot;:&quot;fadeInLeft&quot;}\">\n\t\t\t\t<div class=\"elementor-element elementor-element-1028912 elementor-align-left subtitle-position-above elementor-widget__width-initial elementor-tablet-align-center elementor-tablet_extra-align-center elementor-widget elementor-widget-suseio-heading\" data-id=\"1028912\" data-element_type=\"widget\" data-settings=\"{&quot;ekit_we_effect_on&quot;:&quot;none&quot;}\" data-widget_type=\"suseio-heading.default\">\n\t\t\t\t<div class=\"elementor-widget-container\">\n\t\t\t\t\t<div class=\"elementor-heading-wrapper-inner\"><h2 class=\"elementor-heading-title elementor-size-default\">Servi\u00e7o Humanizado\n<\/h2><\/div>\t\t\t\t<\/div>\n\t\t\t\t<\/div>\n\t\t\t\t<div class=\"elementor-element elementor-element-5397a8a elementor-widget elementor-widget-text-editor\" data-id=\"5397a8a\" data-element_type=\"widget\" data-settings=\"{&quot;ekit_we_effect_on&quot;:&quot;none&quot;}\" data-widget_type=\"text-editor.default\">\n\t\t\t\t<div class=\"elementor-widget-container\">\n\t\t\t\t\t\t\t\t\t<div id=\"primary\" class=\"content-area\"><main id=\"main\" class=\"site-main\"><\/main><article id=\"post-7522\" class=\"post-7522 service type-service status-publish has-post-thumbnail hentry\"><div class=\"single-content\"><div class=\"entry-content\"><p>A solu\u00e7\u00e3o da RV Sa\u00fade proporciona uma experi\u00eancia inovadora e totalmente confort\u00e1vel para pacientes, especialmente aqueles que enfrentam traumas com os procedimentos atuais ou possuem algum tipo de fobia relacionada. Com uma taxa de aceita\u00e7\u00e3o de 98% entre os usu\u00e1rios, a tecnologia de Realidade Virtual (RV) reduz significativamente a ansiedade durante os procedimentos. Estudos indicam que 85% dos pacientes relataram sensa\u00e7\u00e3o de relaxamento e seguran\u00e7a ap\u00f3s utilizar a solu\u00e7\u00e3o, destacando sua efic\u00e1cia no manejo de traumas. Al\u00e9m disso, o ambiente virtual \u00e9 projetado para simular cen\u00e1rios acolhedores, resultando em uma redu\u00e7\u00e3o de at\u00e9 90% no desconforto relatado por pacientes, garantindo um atendimento mais humanizado e funcional.<\/p><\/div><\/div><\/article><\/div>\t\t\t\t\t\t\t\t<\/div>\n\t\t\t\t<\/div>\n\t\t\t\t<\/div>\n\t\t<div class=\"elementor-element elementor-element-bcf7f97 e-con-full elementor-hidden-tablet elementor-hidden-mobile_extra elementor-hidden-mobile elementor-hidden-tablet_extra e-flex elementor-invisible e-con e-child\" data-id=\"bcf7f97\" data-element_type=\"container\" data-settings=\"{&quot;animation&quot;:&quot;fadeInRight&quot;}\">\n\t\t\t\t<div class=\"elementor-element elementor-element-94ea7f5 elementor-box-height-full elementor-grid-1 elementor-swiper-button-next-vertical-bottom elementor-swiper-button-prev-vertical-bottom overflow-to-none swiper-widget-horizontal elementor-widget elementor-widget-suseio-banner-carousel\" data-id=\"94ea7f5\" data-element_type=\"widget\" data-settings=\"{&quot;column&quot;:&quot;1&quot;,&quot;navigation&quot;:&quot;arrows&quot;,&quot;column_spacing_swiper&quot;:{&quot;unit&quot;:&quot;px&quot;,&quot;size&quot;:30,&quot;sizes&quot;:[]},&quot;column_spacing_swiper_laptop&quot;:{&quot;unit&quot;:&quot;px&quot;,&quot;size&quot;:&quot;&quot;,&quot;sizes&quot;:[]},&quot;column_spacing_swiper_tablet_extra&quot;:{&quot;unit&quot;:&quot;px&quot;,&quot;size&quot;:&quot;&quot;,&quot;sizes&quot;:[]},&quot;column_spacing_swiper_tablet&quot;:{&quot;unit&quot;:&quot;px&quot;,&quot;size&quot;:&quot;&quot;,&quot;sizes&quot;:[]},&quot;column_spacing_swiper_mobile_extra&quot;:{&quot;unit&quot;:&quot;px&quot;,&quot;size&quot;:&quot;&quot;,&quot;sizes&quot;:[]},&quot;column_spacing_swiper_mobile&quot;:{&quot;unit&quot;:&quot;px&quot;,&quot;size&quot;:&quot;&quot;,&quot;sizes&quot;:[]},&quot;swiper_overflow&quot;:&quot;none&quot;,&quot;direction&quot;:&quot;horizontal&quot;,&quot;autoplay&quot;:&quot;yes&quot;,&quot;pause_on_hover&quot;:&quot;yes&quot;,&quot;pause_on_interaction&quot;:&quot;yes&quot;,&quot;autoplay_speed&quot;:5000,&quot;infinite&quot;:&quot;yes&quot;,&quot;speed&quot;:500,&quot;ekit_we_effect_on&quot;:&quot;none&quot;}\" data-widget_type=\"suseio-banner-carousel.default\">\n\t\t\t\t<div class=\"elementor-widget-container\">\n\t\t\t\t\t            <div class=\"elementor-image-carousel-item-wrapper suseio-wrapper suseio-swiper-wrapper swiper\">\n                <div class=\"suseio-con swiper-container suseio-swiper\">\n                    <div class=\"suseio-con-inner swiper-wrapper\">\n                                                    <div class=\"swiper-slide\">\n                                <div class=\"elementor_inner_item_banner elementor-repeater-item-679e68d\">\n                                                                        <div class=\"banner-carousel-image\" >\n                                                                                <img decoding=\"async\" class=\"image img-banner-carousel\" src=\"https:\/\/rvsaude.com.br\/wp-content\/uploads\/2024\/11\/Ressonancia-magnetica-07-1024x528-1.webp\" alt=\"image\">\n                                    <\/div>\n                                    <div class=\"elementor-banner-wrap-title\">\n                                         \n                                         \n\n                                                                             <\/div>\n                                <\/div>\n                            <\/div>\n                                                    <div class=\"swiper-slide\">\n                                <div class=\"elementor_inner_item_banner elementor-repeater-item-0331f28\">\n                                                                        <div class=\"banner-carousel-image\" >\n                                                                                <img decoding=\"async\" class=\"image img-banner-carousel\" src=\"https:\/\/rvsaude.com.br\/wp-content\/uploads\/2025\/01\/WhatsApp-Image-2023-11-29-at-10.18.31-1.webp\" alt=\"image\">\n                                    <\/div>\n                                    <div class=\"elementor-banner-wrap-title\">\n                                         \n                                         \n\n                                                                             <\/div>\n                                <\/div>\n                            <\/div>\n                                            <\/div>\n                <\/div>\n\n                                                                <div class=\"elementor-swiper-button elementor-swiper-button-prev elementor-swiper-button-prev-94ea7f5\">\n                    <svg aria-hidden=\"true\" class=\"e-font-icon-svg e-eicon-chevron-left\" viewbox=\"0 0 1000 1000\" xmlns=\"http:\/\/www.w3.org\/2000\/svg\"><path d=\"M646 125C629 125 613 133 604 142L308 442C296 454 292 471 292 487 292 504 296 521 308 533L604 854C617 867 629 875 646 875 663 875 679 871 692 858 704 846 713 829 713 812 713 796 708 779 692 767L438 487 692 225C700 217 708 204 708 187 708 171 704 154 692 142 675 129 663 125 646 125Z\"><\/path><\/svg>                    <span class=\"elementor-screen-only\">Previous<\/span>\n                <\/div>\n                <div class=\"elementor-swiper-button elementor-swiper-button-next elementor-swiper-button-next-94ea7f5\">\n                    <svg aria-hidden=\"true\" class=\"e-font-icon-svg e-eicon-chevron-right\" viewbox=\"0 0 1000 1000\" xmlns=\"http:\/\/www.w3.org\/2000\/svg\"><path d=\"M696 533C708 521 713 504 713 487 713 471 708 454 696 446L400 146C388 133 375 125 354 125 338 125 325 129 313 142 300 154 292 171 292 187 292 204 296 221 308 233L563 492 304 771C292 783 288 800 288 817 288 833 296 850 308 863 321 871 338 875 354 875 371 875 388 867 400 854L696 533Z\"><\/path><\/svg>                    <span class=\"elementor-screen-only\">Next<\/span>\n                <\/div>\n                                        <\/div>\n            \n            \t\t\t\t<\/div>\n\t\t\t\t<\/div>\n\t\t\t\t<\/div>\n\t\t\t\t\t<\/div>\n\t\t\t\t<\/div>\n\t\t<div class=\"elementor-element elementor-element-a88ddf3 e-flex e-con-boxed e-con e-parent\" data-id=\"a88ddf3\" data-element_type=\"container\">\n\t\t\t\t\t<div class=\"e-con-inner\">\n\t\t<div class=\"elementor-element elementor-element-422dd7b e-con-full e-flex e-con e-child\" data-id=\"422dd7b\" data-element_type=\"container\">\n\t\t<div class=\"elementor-element elementor-element-37a66c8 e-con-full e-flex elementor-invisible e-con e-child\" data-id=\"37a66c8\" data-element_type=\"container\" data-settings=\"{&quot;background_background&quot;:&quot;classic&quot;,&quot;animation&quot;:&quot;fadeInLeft&quot;}\">\n\t\t\t\t<div class=\"elementor-element elementor-element-f0f7b70 reverse-direction-image-yes elementor-position-top elementor-vertical-align-top elementor-widget elementor-widget-image-box\" data-id=\"f0f7b70\" data-element_type=\"widget\" data-settings=\"{&quot;ekit_we_effect_on&quot;:&quot;none&quot;}\" data-widget_type=\"image-box.default\">\n\t\t\t\t<div class=\"elementor-widget-container\">\n\t\t\t\t\t<div class=\"elementor-image-box-wrapper\"><figure class=\"elementor-image-box-img\"><div class=\"elementor-image-box-img-inner\"><img fetchpriority=\"high\" decoding=\"async\" width=\"1536\" height=\"1048\" src=\"https:\/\/rvsaude.com.br\/wp-content\/uploads\/2024\/11\/WhatsApp-Image-2023-11-22-at-21.15.34-1536x1048-1.webp\" class=\"elementor-animation-bob attachment-full size-full wp-image-7511\" alt=\"\" srcset=\"https:\/\/rvsaude.com.br\/wp-content\/uploads\/2024\/11\/WhatsApp-Image-2023-11-22-at-21.15.34-1536x1048-1.webp 1536w, https:\/\/rvsaude.com.br\/wp-content\/uploads\/2024\/11\/WhatsApp-Image-2023-11-22-at-21.15.34-1536x1048-1-300x205.webp 300w, https:\/\/rvsaude.com.br\/wp-content\/uploads\/2024\/11\/WhatsApp-Image-2023-11-22-at-21.15.34-1536x1048-1-1024x699.webp 1024w, https:\/\/rvsaude.com.br\/wp-content\/uploads\/2024\/11\/WhatsApp-Image-2023-11-22-at-21.15.34-1536x1048-1-768x524.webp 768w, https:\/\/rvsaude.com.br\/wp-content\/uploads\/2024\/11\/WhatsApp-Image-2023-11-22-at-21.15.34-1536x1048-1-762x520.webp 762w\" sizes=\"(max-width: 1536px) 100vw, 1536px\" \/><\/div><\/figure><div class=\"elementor-image-box-content\"><h3 class=\"elementor-image-box-title\">Realidade Virtual para Pacientes<\/h3><p class=\"elementor-image-box-description\">Reduza a ansiedade de pacientes com RV que simula cen\u00e1rios acolhedores e relaxantes.<\/p><\/div><\/div>\t\t\t\t<\/div>\n\t\t\t\t<\/div>\n\t\t\t\t<\/div>\n\t\t<div class=\"elementor-element elementor-element-d55bb02 e-con-full e-flex elementor-invisible e-con e-child\" data-id=\"d55bb02\" data-element_type=\"container\" data-settings=\"{&quot;background_background&quot;:&quot;classic&quot;,&quot;animation&quot;:&quot;fadeInUp&quot;}\">\n\t\t\t\t<div class=\"elementor-element elementor-element-158dee6 elementor-position-top elementor-vertical-align-top elementor-widget elementor-widget-image-box\" data-id=\"158dee6\" data-element_type=\"widget\" data-settings=\"{&quot;ekit_we_effect_on&quot;:&quot;none&quot;}\" data-widget_type=\"image-box.default\">\n\t\t\t\t<div class=\"elementor-widget-container\">\n\t\t\t\t\t<div class=\"elementor-image-box-wrapper\"><figure class=\"elementor-image-box-img\"><div class=\"elementor-image-box-img-inner\"><img decoding=\"async\" width=\"1110\" height=\"650\" src=\"https:\/\/rvsaude.com.br\/wp-content\/uploads\/2025\/01\/oculos-1.webp\" class=\"elementor-animation-hang attachment-full size-full wp-image-7813\" alt=\"\" srcset=\"https:\/\/rvsaude.com.br\/wp-content\/uploads\/2025\/01\/oculos-1.webp 1110w, https:\/\/rvsaude.com.br\/wp-content\/uploads\/2025\/01\/oculos-1-300x176.webp 300w, https:\/\/rvsaude.com.br\/wp-content\/uploads\/2025\/01\/oculos-1-1024x600.webp 1024w, https:\/\/rvsaude.com.br\/wp-content\/uploads\/2025\/01\/oculos-1-768x450.webp 768w, https:\/\/rvsaude.com.br\/wp-content\/uploads\/2025\/01\/oculos-1-18x12.webp 18w, https:\/\/rvsaude.com.br\/wp-content\/uploads\/2025\/01\/oculos-1-850x498.webp 850w\" sizes=\"(max-width: 1110px) 100vw, 1110px\" \/><\/div><\/figure><div class=\"elementor-image-box-content\"><h3 class=\"elementor-image-box-title\">Tecnologia que Acolhe e Relaxa<\/h3><p class=\"elementor-image-box-description\">Inova\u00e7\u00e3o na sa\u00fade: Realidade Virtual que transforma traumas em conforto e seguran\u00e7a<\/p><\/div><\/div>\t\t\t\t<\/div>\n\t\t\t\t<\/div>\n\t\t\t\t<\/div>\n\t\t<div class=\"elementor-element elementor-element-bcba3af e-con-full e-flex elementor-invisible e-con e-child\" data-id=\"bcba3af\" data-element_type=\"container\" data-settings=\"{&quot;background_background&quot;:&quot;classic&quot;,&quot;animation&quot;:&quot;fadeInRight&quot;}\">\n\t\t\t\t<div class=\"elementor-element elementor-element-21ac731 reverse-direction-image-yes elementor-position-top elementor-vertical-align-top elementor-widget elementor-widget-image-box\" data-id=\"21ac731\" data-element_type=\"widget\" data-settings=\"{&quot;ekit_we_effect_on&quot;:&quot;none&quot;}\" data-widget_type=\"image-box.default\">\n\t\t\t\t<div class=\"elementor-widget-container\">\n\t\t\t\t\t<div class=\"elementor-image-box-wrapper\"><figure class=\"elementor-image-box-img\"><div class=\"elementor-image-box-img-inner\"><img decoding=\"async\" width=\"1024\" height=\"682\" src=\"https:\/\/rvsaude.com.br\/wp-content\/uploads\/2025\/01\/Oculos-virtual-RV-Saude-06-1024x682-1.jpeg\" class=\"elementor-animation-bob attachment-full size-full wp-image-8278\" alt=\"\" srcset=\"https:\/\/rvsaude.com.br\/wp-content\/uploads\/2025\/01\/Oculos-virtual-RV-Saude-06-1024x682-1.jpeg 1024w, https:\/\/rvsaude.com.br\/wp-content\/uploads\/2025\/01\/Oculos-virtual-RV-Saude-06-1024x682-1-300x200.jpeg 300w, https:\/\/rvsaude.com.br\/wp-content\/uploads\/2025\/01\/Oculos-virtual-RV-Saude-06-1024x682-1-768x512.jpeg 768w, https:\/\/rvsaude.com.br\/wp-content\/uploads\/2025\/01\/Oculos-virtual-RV-Saude-06-1024x682-1-18x12.jpeg 18w, https:\/\/rvsaude.com.br\/wp-content\/uploads\/2025\/01\/Oculos-virtual-RV-Saude-06-1024x682-1-781x520.jpeg 781w\" sizes=\"(max-width: 1024px) 100vw, 1024px\" \/><\/div><\/figure><div class=\"elementor-image-box-content\"><h3 class=\"elementor-image-box-title\">RV na Sa\u00fade: Menos Ansiedade<\/h3><p class=\"elementor-image-box-description\">Solu\u00e7\u00e3o em RV com 98% de aceita\u00e7\u00e3o e efic\u00e1cia comprovada no manejo de traumas e fobias.<\/p><\/div><\/div>\t\t\t\t<\/div>\n\t\t\t\t<\/div>\n\t\t\t\t<\/div>\n\t\t\t\t<\/div>\n\t\t\t\t\t<\/div>\n\t\t\t\t<\/div>\n\t\t\t\t<\/div>\n\t\t\n    <div class=\"xs_social_share_widget xs_share_url after_content \t\tmain_content  wslu-style-1 wslu-share-box-shaped wslu-fill-colored wslu-none wslu-share-horizontal wslu-theme-font-no wslu-main_content\">\n\n\t\t\n        <ul>\n\t\t\t        <\/ul>\n    <\/div>","protected":false},"excerpt":{"rendered":"<p>Servi\u00e7o Humanizado A solu\u00e7\u00e3o da RV Sa\u00fade proporciona uma experi\u00eancia inovadora e totalmente confort\u00e1vel para pacientes, especialmente aqueles que enfrentam traumas com os procedimentos atuais ou possuem algum tipo de fobia relacionada. Com uma taxa de aceita\u00e7\u00e3o de 98% entre os usu\u00e1rios, a tecnologia de Realidade Virtual (RV) reduz significativamente a ansiedade durante os procedimentos. [&hellip;]<\/p>","protected":false},"author":1,"featured_media":0,"parent":0,"menu_order":0,"comment_status":"closed","ping_status":"closed","template":"","meta":{"postBodyCss":"","postBodyMargin":[],"postBodyPadding":[],"postBodyBackground":{"backgroundType":"classic","gradient":""},"footnotes":""},"class_list":["post-8593","page","type-page","status-publish","hentry"],"_links":{"self":[{"href":"https:\/\/rvsaude.com.br\/en\/wp-json\/wp\/v2\/pages\/8593","targetHints":{"allow":["GET"]}}],"collection":[{"href":"https:\/\/rvsaude.com.br\/en\/wp-json\/wp\/v2\/pages"}],"about":[{"href":"https:\/\/rvsaude.com.br\/en\/wp-json\/wp\/v2\/types\/page"}],"author":[{"embeddable":true,"href":"https:\/\/rvsaude.com.br\/en\/wp-json\/wp\/v2\/users\/1"}],"replies":[{"embeddable":true,"href":"https:\/\/rvsaude.com.br\/en\/wp-json\/wp\/v2\/comments?post=8593"}],"version-history":[{"count":97,"href":"https:\/\/rvsaude.com.br\/en\/wp-json\/wp\/v2\/pages\/8593\/revisions"}],"predecessor-version":[{"id":9415,"href":"https:\/\/rvsaude.com.br\/en\/wp-json\/wp\/v2\/pages\/8593\/revisions\/9415"}],"wp:attachment":[{"href":"https:\/\/rvsaude.com.br\/en\/wp-json\/wp\/v2\/media?parent=8593"}],"curies":[{"name":"wp","href":"https:\/\/api.w.org\/{rel}","templated":true}]}}