{"id":8502,"date":"2025-01-23T17:56:36","date_gmt":"2025-01-23T17:56:36","guid":{"rendered":"https:\/\/rvsaude.com.br\/?page_id=8502"},"modified":"2025-01-24T16:52:41","modified_gmt":"2025-01-24T16:52:41","slug":"solucao-proposta","status":"publish","type":"page","link":"https:\/\/rvsaude.com.br\/en\/solucao-proposta\/","title":{"rendered":"Solu\u00e7\u00e3o Proposta"},"content":{"rendered":"<div data-elementor-type=\"wp-page\" data-elementor-id=\"8502\" class=\"elementor elementor-8502\" data-elementor-post-type=\"page\">\n\t\t\t\t<div class=\"elementor-element elementor-element-00fb69f e-con-full e-flex e-con e-parent\" data-id=\"00fb69f\" data-element_type=\"container\" data-settings=\"{&quot;background_background&quot;:&quot;classic&quot;}\">\n\t\t<div class=\"elementor-element elementor-element-9dd1663 e-flex e-con-boxed e-con e-child\" data-id=\"9dd1663\" data-element_type=\"container\" data-settings=\"{&quot;background_background&quot;:&quot;classic&quot;}\">\n\t\t\t\t\t<div class=\"e-con-inner\">\n\t\t<div class=\"elementor-element elementor-element-749283d e-con-full e-flex e-con e-child\" data-id=\"749283d\" data-element_type=\"container\">\n\t\t<div class=\"elementor-element elementor-element-73a3813 e-con-full e-flex e-con e-child\" data-id=\"73a3813\" data-element_type=\"container\">\n\t\t\t\t<\/div>\n\t\t\t\t<\/div>\n\t\t\t\t\t<\/div>\n\t\t\t\t<\/div>\n\t\t\t\t<\/div>\n\t\t<div class=\"elementor-element elementor-element-1a91de5 e-flex e-con-boxed e-con e-parent\" data-id=\"1a91de5\" data-element_type=\"container\">\n\t\t\t\t\t<div class=\"e-con-inner\">\n\t\t<div class=\"elementor-element elementor-element-d868f86 e-con-full e-flex elementor-invisible e-con e-child\" data-id=\"d868f86\" data-element_type=\"container\" data-settings=\"{&quot;animation&quot;:&quot;fadeInLeft&quot;}\">\n\t\t\t\t<div class=\"elementor-element elementor-element-f46e9a6 elementor-align-left subtitle-position-above elementor-widget__width-initial elementor-tablet-align-center elementor-tablet_extra-align-center elementor-widget elementor-widget-suseio-heading\" data-id=\"f46e9a6\" data-element_type=\"widget\" data-settings=\"{&quot;ekit_we_effect_on&quot;:&quot;none&quot;}\" data-widget_type=\"suseio-heading.default\">\n\t\t\t\t<div class=\"elementor-widget-container\">\n\t\t\t\t\t<div class=\"elementor-heading-wrapper-inner\"><h2 class=\"elementor-heading-title elementor-size-default\">Solu\u00e7\u00e3o Proposta\n<\/h2><\/div>\t\t\t\t<\/div>\n\t\t\t\t<\/div>\n\t\t\t\t<div class=\"elementor-element elementor-element-1b63ce6 elementor-widget elementor-widget-text-editor\" data-id=\"1b63ce6\" data-element_type=\"widget\" data-settings=\"{&quot;ekit_we_effect_on&quot;:&quot;none&quot;}\" data-widget_type=\"text-editor.default\">\n\t\t\t\t<div class=\"elementor-widget-container\">\n\t\t\t\t\t\t\t\t\t<div id=\"primary\" class=\"content-area\"><main id=\"main\" class=\"site-main\"><\/main><article id=\"post-7522\" class=\"post-7522 service type-service status-publish has-post-thumbnail hentry\"><div class=\"single-content\"><div class=\"entry-content\"><div id=\"primary\" class=\"content-area\"><p>Fornecemos exclusivamente a licen\u00e7a do nosso software com simulador de Resson\u00e2ncia Magn\u00e9tica em Realidade Virtual. Informamos sobre RM e quais os cuidados pr\u00e9vios necess\u00e1rios. Vers\u00e1til para diferentes p\u00fablicos adulto e infantil, incluindo pacientes com claustrofobia. Compreendemos as preocupa\u00e7\u00f5es que envolvem os exames de RM, especialmente para aqueles que enfrentam a claustrofobia. Por isso, al\u00e9m de garantir precis\u00e3o e conforto, nos dedicamos a fornecer informa\u00e7\u00f5es abrangentes sobre o procedimento e cuidados pr\u00e9vios. Acreditamos que a jornada do paciente deve ser t\u00e3o transparente quanto poss\u00edvel. Este \u00e9 o futuro da Resson\u00e2ncia Magn\u00e9tica \u2013 acess\u00edvel, confort\u00e1vel e informativo. Agende agora sua simula\u00e7\u00e3o e experimente a pr\u00f3xima gera\u00e7\u00e3o em cuidados de sa\u00fade.<\/p><\/div><\/div><\/div><\/article><\/div>\t\t\t\t\t\t\t\t<\/div>\n\t\t\t\t<\/div>\n\t\t\t\t<\/div>\n\t\t<div class=\"elementor-element elementor-element-1ce09de e-con-full elementor-hidden-tablet elementor-hidden-mobile_extra elementor-hidden-mobile elementor-hidden-tablet_extra e-flex elementor-invisible e-con e-child\" data-id=\"1ce09de\" data-element_type=\"container\" data-settings=\"{&quot;animation&quot;:&quot;fadeInRight&quot;}\">\n\t\t\t\t<div class=\"elementor-element elementor-element-14c4d42 elementor-box-height-full elementor-grid-1 overflow-to-none swiper-widget-horizontal elementor-widget elementor-widget-suseio-banner-carousel\" data-id=\"14c4d42\" data-element_type=\"widget\" data-settings=\"{&quot;column&quot;:&quot;1&quot;,&quot;navigation&quot;:&quot;arrows&quot;,&quot;column_spacing_swiper&quot;:{&quot;unit&quot;:&quot;px&quot;,&quot;size&quot;:30,&quot;sizes&quot;:[]},&quot;column_spacing_swiper_laptop&quot;:{&quot;unit&quot;:&quot;px&quot;,&quot;size&quot;:&quot;&quot;,&quot;sizes&quot;:[]},&quot;column_spacing_swiper_tablet_extra&quot;:{&quot;unit&quot;:&quot;px&quot;,&quot;size&quot;:&quot;&quot;,&quot;sizes&quot;:[]},&quot;column_spacing_swiper_tablet&quot;:{&quot;unit&quot;:&quot;px&quot;,&quot;size&quot;:&quot;&quot;,&quot;sizes&quot;:[]},&quot;column_spacing_swiper_mobile_extra&quot;:{&quot;unit&quot;:&quot;px&quot;,&quot;size&quot;:&quot;&quot;,&quot;sizes&quot;:[]},&quot;column_spacing_swiper_mobile&quot;:{&quot;unit&quot;:&quot;px&quot;,&quot;size&quot;:&quot;&quot;,&quot;sizes&quot;:[]},&quot;swiper_overflow&quot;:&quot;none&quot;,&quot;direction&quot;:&quot;horizontal&quot;,&quot;autoplay&quot;:&quot;yes&quot;,&quot;pause_on_hover&quot;:&quot;yes&quot;,&quot;pause_on_interaction&quot;:&quot;yes&quot;,&quot;autoplay_speed&quot;:5000,&quot;infinite&quot;:&quot;yes&quot;,&quot;speed&quot;:500,&quot;ekit_we_effect_on&quot;:&quot;none&quot;}\" data-widget_type=\"suseio-banner-carousel.default\">\n\t\t\t\t<div class=\"elementor-widget-container\">\n\t\t\t\t\t            <div class=\"elementor-image-carousel-item-wrapper suseio-wrapper suseio-swiper-wrapper swiper\">\n                <div class=\"suseio-con swiper-container suseio-swiper\">\n                    <div class=\"suseio-con-inner swiper-wrapper\">\n                                                    <div class=\"swiper-slide\">\n                                <div class=\"elementor_inner_item_banner elementor-repeater-item-679e68d\">\n                                                                        <div class=\"banner-carousel-image\" >\n                                                                                <img decoding=\"async\" class=\"image img-banner-carousel\" src=\"https:\/\/rvsaude.com.br\/wp-content\/uploads\/2025\/01\/Dra-Jaqueline-Maria-_RV-Saude-04-1024x682-1.jpeg\" alt=\"image\">\n                                    <\/div>\n                                    <div class=\"elementor-banner-wrap-title\">\n                                         \n                                         \n\n                                                                             <\/div>\n                                <\/div>\n                            <\/div>\n                                                    <div class=\"swiper-slide\">\n                                <div class=\"elementor_inner_item_banner elementor-repeater-item-0331f28\">\n                                                                        <div class=\"banner-carousel-image\" >\n                                                                                <img decoding=\"async\" class=\"image img-banner-carousel\" src=\"https:\/\/rvsaude.com.br\/wp-content\/uploads\/2024\/11\/WhatsApp-Image-2023-11-22-at-21.15.34-1536x1048-1.webp\" alt=\"image\">\n                                    <\/div>\n                                    <div class=\"elementor-banner-wrap-title\">\n                                         \n                                         \n\n                                                                             <\/div>\n                                <\/div>\n                            <\/div>\n                                            <\/div>\n                <\/div>\n\n                                                                <div class=\"elementor-swiper-button elementor-swiper-button-prev elementor-swiper-button-prev-14c4d42\">\n                    <svg aria-hidden=\"true\" class=\"e-font-icon-svg e-eicon-chevron-left\" viewbox=\"0 0 1000 1000\" xmlns=\"http:\/\/www.w3.org\/2000\/svg\"><path d=\"M646 125C629 125 613 133 604 142L308 442C296 454 292 471 292 487 292 504 296 521 308 533L604 854C617 867 629 875 646 875 663 875 679 871 692 858 704 846 713 829 713 812 713 796 708 779 692 767L438 487 692 225C700 217 708 204 708 187 708 171 704 154 692 142 675 129 663 125 646 125Z\"><\/path><\/svg>                    <span class=\"elementor-screen-only\">Previous<\/span>\n                <\/div>\n                <div class=\"elementor-swiper-button elementor-swiper-button-next elementor-swiper-button-next-14c4d42\">\n                    <svg aria-hidden=\"true\" class=\"e-font-icon-svg e-eicon-chevron-right\" viewbox=\"0 0 1000 1000\" xmlns=\"http:\/\/www.w3.org\/2000\/svg\"><path d=\"M696 533C708 521 713 504 713 487 713 471 708 454 696 446L400 146C388 133 375 125 354 125 338 125 325 129 313 142 300 154 292 171 292 187 292 204 296 221 308 233L563 492 304 771C292 783 288 800 288 817 288 833 296 850 308 863 321 871 338 875 354 875 371 875 388 867 400 854L696 533Z\"><\/path><\/svg>                    <span class=\"elementor-screen-only\">Next<\/span>\n                <\/div>\n                                        <\/div>\n            \n            \t\t\t\t<\/div>\n\t\t\t\t<\/div>\n\t\t\t\t<\/div>\n\t\t\t\t\t<\/div>\n\t\t\t\t<\/div>\n\t\t\t\t<\/div>\n\t\t\n    <div class=\"xs_social_share_widget xs_share_url after_content \t\tmain_content  wslu-style-1 wslu-share-box-shaped wslu-fill-colored wslu-none wslu-share-horizontal wslu-theme-font-no wslu-main_content\">\n\n\t\t\n        <ul>\n\t\t\t        <\/ul>\n    <\/div>","protected":false},"excerpt":{"rendered":"<p>Solu\u00e7\u00e3o Proposta Fornecemos exclusivamente a licen\u00e7a do nosso software com simulador de Resson\u00e2ncia Magn\u00e9tica em Realidade Virtual. Informamos sobre RM e quais os cuidados pr\u00e9vios necess\u00e1rios. Vers\u00e1til para diferentes p\u00fablicos adulto e infantil, incluindo pacientes com claustrofobia. Compreendemos as preocupa\u00e7\u00f5es que envolvem os exames de RM, especialmente para aqueles que enfrentam a claustrofobia. Por isso, [&hellip;]<\/p>","protected":false},"author":1,"featured_media":0,"parent":0,"menu_order":0,"comment_status":"closed","ping_status":"closed","template":"","meta":{"postBodyCss":"","postBodyMargin":[],"postBodyPadding":[],"postBodyBackground":{"backgroundType":"classic","gradient":""},"footnotes":""},"class_list":["post-8502","page","type-page","status-publish","hentry"],"_links":{"self":[{"href":"https:\/\/rvsaude.com.br\/en\/wp-json\/wp\/v2\/pages\/8502","targetHints":{"allow":["GET"]}}],"collection":[{"href":"https:\/\/rvsaude.com.br\/en\/wp-json\/wp\/v2\/pages"}],"about":[{"href":"https:\/\/rvsaude.com.br\/en\/wp-json\/wp\/v2\/types\/page"}],"author":[{"embeddable":true,"href":"https:\/\/rvsaude.com.br\/en\/wp-json\/wp\/v2\/users\/1"}],"replies":[{"embeddable":true,"href":"https:\/\/rvsaude.com.br\/en\/wp-json\/wp\/v2\/comments?post=8502"}],"version-history":[{"count":25,"href":"https:\/\/rvsaude.com.br\/en\/wp-json\/wp\/v2\/pages\/8502\/revisions"}],"predecessor-version":[{"id":9177,"href":"https:\/\/rvsaude.com.br\/en\/wp-json\/wp\/v2\/pages\/8502\/revisions\/9177"}],"wp:attachment":[{"href":"https:\/\/rvsaude.com.br\/en\/wp-json\/wp\/v2\/media?parent=8502"}],"curies":[{"name":"wp","href":"https:\/\/api.w.org\/{rel}","templated":true}]}}