{"id":8428,"date":"2025-01-23T17:29:46","date_gmt":"2025-01-23T17:29:46","guid":{"rendered":"https:\/\/rvsaude.com.br\/?page_id=8428"},"modified":"2025-02-17T16:37:21","modified_gmt":"2025-02-17T16:37:21","slug":"simulador-terapeutico-adulto-e-ou-infantil","status":"publish","type":"page","link":"https:\/\/rvsaude.com.br\/en\/simulador-terapeutico-adulto-e-ou-infantil\/","title":{"rendered":"Simulador Terap\u00eautico Adulto e\/ou Infantil"},"content":{"rendered":"<div data-elementor-type=\"wp-page\" data-elementor-id=\"8428\" class=\"elementor elementor-8428\" data-elementor-post-type=\"page\">\n\t\t\t\t<div class=\"elementor-element elementor-element-1520eda e-flex e-con-boxed e-con e-parent\" data-id=\"1520eda\" data-element_type=\"container\">\n\t\t\t\t\t<div class=\"e-con-inner\">\n\t\t<div class=\"elementor-element elementor-element-7545441 e-con-full e-flex elementor-invisible e-con e-child\" data-id=\"7545441\" data-element_type=\"container\" data-settings=\"{&quot;animation&quot;:&quot;fadeInLeft&quot;}\">\n\t\t\t\t<div class=\"elementor-element elementor-element-efb4951 elementor-align-left subtitle-position-above elementor-widget__width-initial elementor-tablet-align-center elementor-tablet_extra-align-center elementor-widget elementor-widget-suseio-heading\" data-id=\"efb4951\" data-element_type=\"widget\" data-settings=\"{&quot;ekit_we_effect_on&quot;:&quot;none&quot;}\" data-widget_type=\"suseio-heading.default\">\n\t\t\t\t<div class=\"elementor-widget-container\">\n\t\t\t\t\t<div class=\"elementor-heading-wrapper-inner\"><h2 class=\"elementor-heading-title elementor-size-default\">Simulador Terap\u00eautico <br>Adulto e\/ou Infantil<\/h2><\/div>\t\t\t\t<\/div>\n\t\t\t\t<\/div>\n\t\t\t\t<div class=\"elementor-element elementor-element-4c4bc3a elementor-widget elementor-widget-text-editor\" data-id=\"4c4bc3a\" data-element_type=\"widget\" data-settings=\"{&quot;ekit_we_effect_on&quot;:&quot;none&quot;}\" data-widget_type=\"text-editor.default\">\n\t\t\t\t<div class=\"elementor-widget-container\">\n\t\t\t\t\t\t\t\t\t<div id=\"primary\" class=\"content-area\"><main id=\"main\" class=\"site-main\"><\/main><article id=\"post-7522\" class=\"post-7522 service type-service status-publish has-post-thumbnail hentry\"><div class=\"single-content\"><div class=\"entry-content\"><div id=\"primary\" class=\"content-area\"><p>Os simuladores do m\u00f3dulo terap\u00eautico infantil oferecem uma abordagem \u00fanica que combina Realidade Virtual (RV) e Metaverso transformando o momento dos atendimentos em uma experi\u00eancia mais tranquila e acolhedora. Focados no desenvolvimento sensorial e emocional, os simuladores criam um ambiente seguro e educativo que reduz significativamente o estresse infantil. Com cen\u00e1rios imersivos e interativos, a solu\u00e7\u00e3o adapta-se \u00e0s necessidades espec\u00edficas de cada crian\u00e7a, tornando o procedimento acess\u00edvel e confort\u00e1vel. Al\u00e9m disso, o uso da RV promove a compreens\u00e3o do exame de forma l\u00fadica e intuitiva, reduzindo em at\u00e9 90% os n\u00edveis de ansiedade. A funcionalidade do sistema \u00e9 refor\u00e7ada pelo design terap\u00eautico completo, que melhora o bem-estar e o envolvimento das crian\u00e7as.<\/p><\/div><\/div><\/div><\/article><\/div>\t\t\t\t\t\t\t\t<\/div>\n\t\t\t\t<\/div>\n\t\t\t\t<\/div>\n\t\t<div class=\"elementor-element elementor-element-487e3bd e-con-full elementor-hidden-tablet elementor-hidden-mobile_extra elementor-hidden-mobile elementor-hidden-tablet_extra e-flex elementor-invisible e-con e-child\" data-id=\"487e3bd\" data-element_type=\"container\" data-settings=\"{&quot;animation&quot;:&quot;fadeInRight&quot;}\">\n\t\t\t\t<div class=\"elementor-element elementor-element-613782c elementor-grid-1 elementor-box-height-auto overflow-to-none swiper-widget-horizontal elementor-widget elementor-widget-suseio-banner-carousel\" data-id=\"613782c\" data-element_type=\"widget\" data-settings=\"{&quot;column&quot;:&quot;1&quot;,&quot;navigation&quot;:&quot;arrows&quot;,&quot;column_spacing_swiper&quot;:{&quot;unit&quot;:&quot;px&quot;,&quot;size&quot;:100,&quot;sizes&quot;:[]},&quot;column_spacing_swiper_laptop&quot;:{&quot;unit&quot;:&quot;px&quot;,&quot;size&quot;:&quot;&quot;,&quot;sizes&quot;:[]},&quot;column_spacing_swiper_tablet_extra&quot;:{&quot;unit&quot;:&quot;px&quot;,&quot;size&quot;:&quot;&quot;,&quot;sizes&quot;:[]},&quot;column_spacing_swiper_tablet&quot;:{&quot;unit&quot;:&quot;px&quot;,&quot;size&quot;:&quot;&quot;,&quot;sizes&quot;:[]},&quot;column_spacing_swiper_mobile_extra&quot;:{&quot;unit&quot;:&quot;px&quot;,&quot;size&quot;:&quot;&quot;,&quot;sizes&quot;:[]},&quot;column_spacing_swiper_mobile&quot;:{&quot;unit&quot;:&quot;px&quot;,&quot;size&quot;:&quot;&quot;,&quot;sizes&quot;:[]},&quot;swiper_overflow&quot;:&quot;none&quot;,&quot;direction&quot;:&quot;horizontal&quot;,&quot;autoplay&quot;:&quot;yes&quot;,&quot;pause_on_hover&quot;:&quot;yes&quot;,&quot;pause_on_interaction&quot;:&quot;yes&quot;,&quot;autoplay_speed&quot;:5000,&quot;infinite&quot;:&quot;yes&quot;,&quot;speed&quot;:500,&quot;ekit_we_effect_on&quot;:&quot;none&quot;}\" data-widget_type=\"suseio-banner-carousel.default\">\n\t\t\t\t<div class=\"elementor-widget-container\">\n\t\t\t\t\t            <div class=\"elementor-image-carousel-item-wrapper suseio-wrapper suseio-swiper-wrapper swiper\">\n                <div class=\"suseio-con swiper-container suseio-swiper\">\n                    <div class=\"suseio-con-inner swiper-wrapper\">\n                                                    <div class=\"swiper-slide\">\n                                <div class=\"elementor_inner_item_banner elementor-repeater-item-679e68d\">\n                                                                        <div class=\"banner-carousel-image\" >\n                                                                                <img decoding=\"async\" class=\"image img-banner-carousel\" src=\"https:\/\/rvsaude.com.br\/wp-content\/uploads\/2025\/02\/image_2025-02-17_13-33-12.png\" alt=\"image\">\n                                    <\/div>\n                                    <div class=\"elementor-banner-wrap-title\">\n                                         \n                                         \n\n                                                                             <\/div>\n                                <\/div>\n                            <\/div>\n                                                    <div class=\"swiper-slide\">\n                                <div class=\"elementor_inner_item_banner elementor-repeater-item-0331f28\">\n                                                                        <div class=\"banner-carousel-image\" >\n                                                                                <img decoding=\"async\" class=\"image img-banner-carousel\" src=\"https:\/\/rvsaude.com.br\/wp-content\/uploads\/2024\/11\/WhatsApp-Image-2023-11-29-at-09.48.35-1.jpeg-1.webp\" alt=\"image\">\n                                    <\/div>\n                                    <div class=\"elementor-banner-wrap-title\">\n                                         \n                                         \n\n                                                                             <\/div>\n                                <\/div>\n                            <\/div>\n                                                    <div class=\"swiper-slide\">\n                                <div class=\"elementor_inner_item_banner elementor-repeater-item-b0e8498\">\n                                                                        <div class=\"banner-carousel-image\" >\n                                                                                <img decoding=\"async\" class=\"image img-banner-carousel\" src=\"https:\/\/rvsaude.com.br\/wp-content\/uploads\/2025\/02\/image_2025-02-17_13-35-20.png\" alt=\"image\">\n                                    <\/div>\n                                    <div class=\"elementor-banner-wrap-title\">\n                                         \n                                         \n\n                                                                             <\/div>\n                                <\/div>\n                            <\/div>\n                                            <\/div>\n                <\/div>\n\n                                                                <div class=\"elementor-swiper-button elementor-swiper-button-prev elementor-swiper-button-prev-613782c\">\n                    <svg aria-hidden=\"true\" class=\"e-font-icon-svg e-eicon-chevron-left\" viewbox=\"0 0 1000 1000\" xmlns=\"http:\/\/www.w3.org\/2000\/svg\"><path d=\"M646 125C629 125 613 133 604 142L308 442C296 454 292 471 292 487 292 504 296 521 308 533L604 854C617 867 629 875 646 875 663 875 679 871 692 858 704 846 713 829 713 812 713 796 708 779 692 767L438 487 692 225C700 217 708 204 708 187 708 171 704 154 692 142 675 129 663 125 646 125Z\"><\/path><\/svg>                    <span class=\"elementor-screen-only\">Previous<\/span>\n                <\/div>\n                <div class=\"elementor-swiper-button elementor-swiper-button-next elementor-swiper-button-next-613782c\">\n                    <svg aria-hidden=\"true\" class=\"e-font-icon-svg e-eicon-chevron-right\" viewbox=\"0 0 1000 1000\" xmlns=\"http:\/\/www.w3.org\/2000\/svg\"><path d=\"M696 533C708 521 713 504 713 487 713 471 708 454 696 446L400 146C388 133 375 125 354 125 338 125 325 129 313 142 300 154 292 171 292 187 292 204 296 221 308 233L563 492 304 771C292 783 288 800 288 817 288 833 296 850 308 863 321 871 338 875 354 875 371 875 388 867 400 854L696 533Z\"><\/path><\/svg>                    <span class=\"elementor-screen-only\">Next<\/span>\n                <\/div>\n                                        <\/div>\n            \n            \t\t\t\t<\/div>\n\t\t\t\t<\/div>\n\t\t\t\t<\/div>\n\t\t\t\t\t<\/div>\n\t\t\t\t<\/div>\n\t\t<div class=\"elementor-element elementor-element-9b1bae3 e-flex e-con-boxed e-con e-parent\" data-id=\"9b1bae3\" data-element_type=\"container\">\n\t\t\t\t\t<div class=\"e-con-inner\">\n\t\t<div class=\"elementor-element elementor-element-2be6911 e-con-full e-flex elementor-invisible e-con e-child\" data-id=\"2be6911\" data-element_type=\"container\" data-settings=\"{&quot;animation&quot;:&quot;fadeInUp&quot;}\">\n\t\t<div class=\"elementor-element elementor-element-9d34e51 e-con-full e-flex e-con e-child\" data-id=\"9d34e51\" data-element_type=\"container\" data-settings=\"{&quot;background_background&quot;:&quot;classic&quot;}\">\n\t\t\t\t<div class=\"elementor-element elementor-element-aa35b03 elementor-suseio-video-style-popup elementor-widget elementor-widget-suseio-video-popup\" data-id=\"aa35b03\" data-element_type=\"widget\" data-settings=\"{&quot;ekit_we_effect_on&quot;:&quot;none&quot;}\" data-widget_type=\"suseio-video-popup.default\">\n\t\t\t\t<div class=\"elementor-widget-container\">\n\t\t\t\t\t        <div class=\"elementor-video-wrapper suseio-video-popup\">\n\n            <a class=\"elementor-video-popup\" role=\"button\" href=\"https:\/\/rvsaude.com.br\/wp-content\/uploads\/2024\/12\/WhatsApp-Video-2025-01-23-at-14.06.27.mp4\" data-effect=\"mfp-zoom-in\">\n                    <span class=\"elementor-video-icon video-icon-align-before\">\n                    <span class=\"animation animation-1\"> <\/span>\n                    <span class=\"animation animation-2\"> <\/span>\n                    <span class=\"animation animation-3\"> <\/span>\n                    <i aria-hidden=\"true\" class=\"suseio-icon- suseio-icon-play-fill\"><\/i>                    <\/span>\n\n                    <span class=\"video-content\">\n                        <span class=\"elementor-video-title\">PLAY<\/span>\n                                        <\/span>\n            <\/a>\n        <\/div>\n        \t\t\t\t<\/div>\n\t\t\t\t<\/div>\n\t\t\t\t<\/div>\n\t\t\t\t<\/div>\n\t\t\t\t\t<\/div>\n\t\t\t\t<\/div>\n\t\t\t\t<\/div>\n\t\t\n    <div class=\"xs_social_share_widget xs_share_url after_content \t\tmain_content  wslu-style-1 wslu-share-box-shaped wslu-fill-colored wslu-none wslu-share-horizontal wslu-theme-font-no wslu-main_content\">\n\n\t\t\n        <ul>\n\t\t\t        <\/ul>\n    <\/div>","protected":false},"excerpt":{"rendered":"<p>Simulador Terap\u00eautico Adulto e\/ou Infantil Os simuladores do m\u00f3dulo terap\u00eautico infantil oferecem uma abordagem \u00fanica que combina Realidade Virtual (RV) e Metaverso transformando o momento dos atendimentos em uma experi\u00eancia mais tranquila e acolhedora. Focados no desenvolvimento sensorial e emocional, os simuladores criam um ambiente seguro e educativo que reduz significativamente o estresse infantil. Com [&hellip;]<\/p>","protected":false},"author":1,"featured_media":0,"parent":0,"menu_order":0,"comment_status":"closed","ping_status":"closed","template":"","meta":{"postBodyCss":"","postBodyMargin":[],"postBodyPadding":[],"postBodyBackground":{"backgroundType":"classic","gradient":""},"footnotes":""},"class_list":["post-8428","page","type-page","status-publish","hentry"],"_links":{"self":[{"href":"https:\/\/rvsaude.com.br\/en\/wp-json\/wp\/v2\/pages\/8428","targetHints":{"allow":["GET"]}}],"collection":[{"href":"https:\/\/rvsaude.com.br\/en\/wp-json\/wp\/v2\/pages"}],"about":[{"href":"https:\/\/rvsaude.com.br\/en\/wp-json\/wp\/v2\/types\/page"}],"author":[{"embeddable":true,"href":"https:\/\/rvsaude.com.br\/en\/wp-json\/wp\/v2\/users\/1"}],"replies":[{"embeddable":true,"href":"https:\/\/rvsaude.com.br\/en\/wp-json\/wp\/v2\/comments?post=8428"}],"version-history":[{"count":136,"href":"https:\/\/rvsaude.com.br\/en\/wp-json\/wp\/v2\/pages\/8428\/revisions"}],"predecessor-version":[{"id":9611,"href":"https:\/\/rvsaude.com.br\/en\/wp-json\/wp\/v2\/pages\/8428\/revisions\/9611"}],"wp:attachment":[{"href":"https:\/\/rvsaude.com.br\/en\/wp-json\/wp\/v2\/media?parent=8428"}],"curies":[{"name":"wp","href":"https:\/\/api.w.org\/{rel}","templated":true}]}}