{"id":7992,"date":"2025-01-06T19:54:19","date_gmt":"2025-01-06T19:54:19","guid":{"rendered":"https:\/\/rvsaude.com.br\/?page_id=7992"},"modified":"2025-02-03T16:39:20","modified_gmt":"2025-02-03T16:39:20","slug":"treinamento-de-profissionais","status":"publish","type":"page","link":"https:\/\/rvsaude.com.br\/en\/treinamento-de-profissionais\/","title":{"rendered":"Treinamento de profissionais"},"content":{"rendered":"<div data-elementor-type=\"wp-page\" data-elementor-id=\"7992\" class=\"elementor elementor-7992\" data-elementor-post-type=\"page\">\n\t\t\t\t<div class=\"elementor-element elementor-element-00fb69f e-con-full e-flex e-con e-parent\" data-id=\"00fb69f\" data-element_type=\"container\" data-settings=\"{&quot;background_background&quot;:&quot;classic&quot;}\">\n\t\t<div class=\"elementor-element elementor-element-9dd1663 e-flex e-con-boxed e-con e-child\" data-id=\"9dd1663\" data-element_type=\"container\" data-settings=\"{&quot;background_background&quot;:&quot;classic&quot;}\">\n\t\t\t\t\t<div class=\"e-con-inner\">\n\t\t<div class=\"elementor-element elementor-element-749283d e-con-full e-flex e-con e-child\" data-id=\"749283d\" data-element_type=\"container\">\n\t\t<div class=\"elementor-element elementor-element-73a3813 e-con-full e-flex e-con e-child\" data-id=\"73a3813\" data-element_type=\"container\">\n\t\t\t\t<div class=\"elementor-element elementor-element-981f7b3 subtitle-position-above elementor-widget__width-initial elementor-mobile-align-center elementor-widget elementor-widget-suseio-heading\" data-id=\"981f7b3\" data-element_type=\"widget\" data-settings=\"{&quot;ekit_we_effect_on&quot;:&quot;none&quot;}\" data-widget_type=\"suseio-heading.default\">\n\t\t\t\t<div class=\"elementor-widget-container\">\n\t\t\t\t\t<div class=\"elementor-heading-wrapper-inner\"><h2 class=\"elementor-heading-title elementor-size-default\">Treinamento de profissionais<\/h2><div class=\"elementor-sub-title\"><span>                <span class=\"elementor-button-icon suseio-subtitle-icon-left\">\n                    <i aria-hidden=\"true\" class=\"suseio-icon- suseio-icon-flower\"><\/i>                <\/span>\n                Servi\u00e7os  da RV SA\u00daDE<\/span><\/div><\/div>\t\t\t\t<\/div>\n\t\t\t\t<\/div>\n\t\t\t\t<div class=\"elementor-element elementor-element-c269c96 elementor-widget__width-initial elementor-widget elementor-widget-text-editor\" data-id=\"c269c96\" data-element_type=\"widget\" data-settings=\"{&quot;ekit_we_effect_on&quot;:&quot;none&quot;}\" data-widget_type=\"text-editor.default\">\n\t\t\t\t<div class=\"elementor-widget-container\">\n\t\t\t\t\t\t\t\t\t<p>Imagine um mundo onde o atendimento em cl\u00ednicas, hospitais e centros de diagn\u00f3stico, humanizado e eficiente. N\u00f3s estamos tornando isso poss\u00edvel! Com solu\u00e7\u00f5es inovadoras, como o Simulador de Resson\u00e2ncia Magn\u00e9tica em Realidade Virtual, garantimos mais conforto e seguran\u00e7a ao paciente. Al\u00e9m disso, oferecemos suporte e treinamento especializado para os profissionais de sa\u00fade, proporcionando uma experi\u00eancia de aprendizado pr\u00e1tica e imersiva.<\/p>\t\t\t\t\t\t\t\t<\/div>\n\t\t\t\t<\/div>\n\t\t\t\t<div class=\"elementor-element elementor-element-a3014cf suseio_btn_icon_row-reverse elementor-tablet_extra-align-center elementor-tablet-align-center elementor-button-default elementor-widget elementor-widget-button\" data-id=\"a3014cf\" data-element_type=\"widget\" data-settings=\"{&quot;icon_indent&quot;:{&quot;unit&quot;:&quot;px&quot;,&quot;size&quot;:0,&quot;sizes&quot;:[]},&quot;ekit_we_effect_on&quot;:&quot;none&quot;}\" data-widget_type=\"button.default\">\n\t\t\t\t<div class=\"elementor-widget-container\">\n\t\t\t\t\t\t\t\t\t<div class=\"elementor-button-wrapper\">\n\t\t\t\t\t<a class=\"elementor-button elementor-button-link elementor-size-sm\" href=\"https:\/\/api.whatsapp.com\/send?phone=5582999704261&#038;text=Ol%C3%A1+vim+pelo+site+da+RV+Sa%C3%BAde\">\n\t\t\t\t\t\t<span class=\"elementor-button-content-wrapper\">\n\t\t\t\t\t\t<span class=\"elementor-button-icon\">\n\t\t\t\t<i aria-hidden=\"true\" class=\"suseio-icon- suseio-icon-arrow-r\"><\/i>\t\t\t<\/span>\n\t\t\t\t\t\t\t\t\t<span class=\"elementor-button-text\">Fale conosco<\/span>\n\t\t\t\t\t<\/span>\n\t\t\t\t\t<\/a>\n\t\t\t\t<\/div>\n\t\t\t\t\t\t\t\t<\/div>\n\t\t\t\t<\/div>\n\t\t\t\t<\/div>\n\t\t<div class=\"elementor-element elementor-element-25a6a53 e-con-full e-flex e-con e-child\" data-id=\"25a6a53\" data-element_type=\"container\">\n\t\t\t\t<div class=\"elementor-element elementor-element-100598d elementor-hidden-mobile_extra elementor-hidden-mobile elementor-widget elementor-widget-hfe-breadcrumbs-widget\" data-id=\"100598d\" data-element_type=\"widget\" data-settings=\"{&quot;ekit_we_effect_on&quot;:&quot;none&quot;}\" data-widget_type=\"hfe-breadcrumbs-widget.default\">\n\t\t\t\t<div class=\"elementor-widget-container\">\n\t\t\t\t\t<nav aria-label=\"Breadcrumb\"><ul class=\"hfe-breadcrumbs hfe-breadcrumbs-show-home\"><li class=\"hfe-breadcrumbs-item hfe-breadcrumbs-first\"><span class=\"hfe-breadcrumbs-home-icon\"><svg aria-hidden=\"true\" class=\"e-font-icon-svg e-fas-home\" viewbox=\"0 0 576 512\" xmlns=\"http:\/\/www.w3.org\/2000\/svg\"><path d=\"M280.37 148.26L96 300.11V464a16 16 0 0 0 16 16l112.06-.29a16 16 0 0 0 15.92-16V368a16 16 0 0 1 16-16h64a16 16 0 0 1 16 16v95.64a16 16 0 0 0 16 16.05L464 480a16 16 0 0 0 16-16V300L295.67 148.26a12.19 12.19 0 0 0-15.3 0zM571.6 251.47L488 182.56V44.05a12 12 0 0 0-12-12h-56a12 12 0 0 0-12 12v72.61L318.47 43a48 48 0 0 0-61 0L4.34 251.47a12 12 0 0 0-1.6 16.9l25.5 31A12 12 0 0 0 45.15 301l235.22-193.74a12.19 12.19 0 0 1 15.3 0L530.9 301a12 12 0 0 0 16.9-1.6l25.5-31a12 12 0 0 0-1.7-16.93z\"><\/path><\/svg><\/span><a href=\"https:\/\/rvsaude.com.br\/en\"><span class=\"hfe-breadcrumbs-text\">P\u00e1gina Inicial<\/span><\/a><\/li><\/ul><\/nav>\t\t\t\t<\/div>\n\t\t\t\t<\/div>\n\t\t\t\t<div class=\"elementor-element elementor-element-20bfc8a elementor-hidden-tablet_extra elementor-hidden-tablet elementor-hidden-mobile_extra elementor-hidden-mobile elementor-widget elementor-widget-image\" data-id=\"20bfc8a\" data-element_type=\"widget\" data-settings=\"{&quot;ekit_we_effect_on&quot;:&quot;none&quot;}\" data-widget_type=\"image.default\">\n\t\t\t\t<div class=\"elementor-widget-container\">\n\t\t\t\t\t\t\t\t\t\t\t\t\t\t\t<img fetchpriority=\"high\" decoding=\"async\" width=\"1600\" height=\"1066\" src=\"https:\/\/rvsaude.com.br\/wp-content\/uploads\/2024\/12\/IMG_1782.webp\" class=\"attachment-full size-full wp-image-6286\" alt=\"\" srcset=\"https:\/\/rvsaude.com.br\/wp-content\/uploads\/2024\/12\/IMG_1782.webp 1600w, https:\/\/rvsaude.com.br\/wp-content\/uploads\/2024\/12\/IMG_1782-300x200.webp 300w, https:\/\/rvsaude.com.br\/wp-content\/uploads\/2024\/12\/IMG_1782-1024x682.webp 1024w, https:\/\/rvsaude.com.br\/wp-content\/uploads\/2024\/12\/IMG_1782-768x512.webp 768w, https:\/\/rvsaude.com.br\/wp-content\/uploads\/2024\/12\/IMG_1782-1536x1023.webp 1536w, https:\/\/rvsaude.com.br\/wp-content\/uploads\/2024\/12\/IMG_1782-780x520.webp 780w, https:\/\/rvsaude.com.br\/wp-content\/uploads\/2024\/12\/IMG_1782-1000x666.webp 1000w\" sizes=\"(max-width: 1600px) 100vw, 1600px\" \/>\t\t\t\t\t\t\t\t\t\t\t\t\t\t\t<\/div>\n\t\t\t\t<\/div>\n\t\t\t\t<\/div>\n\t\t\t\t<\/div>\n\t\t\t\t\t<\/div>\n\t\t\t\t<\/div>\n\t\t\t\t<\/div>\n\t\t<div class=\"elementor-element elementor-element-41b84bf e-flex e-con-boxed e-con e-parent\" data-id=\"41b84bf\" data-element_type=\"container\">\n\t\t\t\t\t<div class=\"e-con-inner\">\n\t\t<div class=\"elementor-element elementor-element-6728e8c e-con-full e-flex e-con e-child\" data-id=\"6728e8c\" data-element_type=\"container\">\n\t\t\t\t<div class=\"elementor-element elementor-element-3b8988d elementor-align-center subtitle-position-above elementor-widget__width-initial elementor-widget elementor-widget-suseio-heading\" data-id=\"3b8988d\" data-element_type=\"widget\" data-settings=\"{&quot;ekit_we_effect_on&quot;:&quot;none&quot;}\" data-widget_type=\"suseio-heading.default\">\n\t\t\t\t<div class=\"elementor-widget-container\">\n\t\t\t\t\t<div class=\"elementor-heading-wrapper-inner\"><h2 class=\"elementor-heading-title elementor-size-default\">Sonda nasog\u00e1strica<\/h2><\/div>\t\t\t\t<\/div>\n\t\t\t\t<\/div>\n\t\t\t\t<div class=\"elementor-element elementor-element-83df269 elementor-widget elementor-widget-video\" data-id=\"83df269\" data-element_type=\"widget\" data-settings=\"{&quot;video_type&quot;:&quot;hosted&quot;,&quot;show_image_overlay&quot;:&quot;yes&quot;,&quot;image_overlay&quot;:{&quot;url&quot;:&quot;https:\\\/\\\/rvsaude.com.br\\\/wp-content\\\/uploads\\\/2025\\\/01\\\/WhatsApp-Image-2023-11-29-at-10.16.59-1.webp&quot;,&quot;id&quot;:8004,&quot;size&quot;:&quot;&quot;,&quot;alt&quot;:&quot;&quot;,&quot;source&quot;:&quot;library&quot;},&quot;ekit_we_effect_on&quot;:&quot;none&quot;}\" data-widget_type=\"video.default\">\n\t\t\t\t<div class=\"elementor-widget-container\">\n\t\t\t\t\t\t\t<div class=\"e-hosted-video elementor-wrapper elementor-open-inline\">\n\t\t\t\t\t<video class=\"elementor-video\" src=\"https:\/\/rvsaude.com.br\/wp-content\/uploads\/2025\/01\/VR-de-passagem-da-sonda-nasogastrica-CITEC.mp4\" preload=\"metadata\" controlslist=\"nodownload\"><\/video>\n\t\t\t\t\t\t<div class=\"elementor-custom-embed-image-overlay\" style=\"background-image: url(https:\/\/rvsaude.com.br\/wp-content\/uploads\/2025\/01\/WhatsApp-Image-2023-11-29-at-10.16.59-1.webp);\">\n\t\t\t\t\t\t\t\t\t\t\t\t\t\t\t\t<div class=\"elementor-custom-embed-play\" role=\"button\" aria-label=\"Reproduzir v\u00eddeo\" tabindex=\"0\">\n\t\t\t\t\t\t\t<svg aria-hidden=\"true\" class=\"e-font-icon-svg e-eicon-play\" viewbox=\"0 0 1000 1000\" xmlns=\"http:\/\/www.w3.org\/2000\/svg\"><path d=\"M838 162C746 71 633 25 500 25 371 25 258 71 163 162 71 254 25 367 25 500 25 633 71 746 163 837 254 929 367 979 500 979 633 979 746 933 838 837 929 746 975 633 975 500 975 367 929 254 838 162M808 192C892 279 933 379 933 500 933 621 892 725 808 808 725 892 621 938 500 938 379 938 279 896 196 808 113 725 67 621 67 500 67 379 108 279 196 192 279 108 383 62 500 62 621 62 721 108 808 192M438 392V642L642 517 438 392Z\"><\/path><\/svg>\t\t\t\t\t\t<\/div>\n\t\t\t\t\t\t\t\t\t<\/div>\n\t\t\t\t\t<\/div>\n\t\t\t\t\t\t<\/div>\n\t\t\t\t<\/div>\n\t\t\t\t<\/div>\n\t\t<div class=\"elementor-element elementor-element-e86160f e-con-full e-flex e-con e-child\" data-id=\"e86160f\" data-element_type=\"container\">\n\t\t\t\t<div class=\"elementor-element elementor-element-f285937 elementor-align-center subtitle-position-above elementor-widget__width-initial elementor-widget elementor-widget-suseio-heading\" data-id=\"f285937\" data-element_type=\"widget\" data-settings=\"{&quot;ekit_we_effect_on&quot;:&quot;none&quot;}\" data-widget_type=\"suseio-heading.default\">\n\t\t\t\t<div class=\"elementor-widget-container\">\n\t\t\t\t\t<div class=\"elementor-heading-wrapper-inner\"><h2 class=\"elementor-heading-title elementor-size-default\">Instrumenta\u00e7\u00e3o cir\u00fargica<\/h2><\/div>\t\t\t\t<\/div>\n\t\t\t\t<\/div>\n\t\t\t\t<div class=\"elementor-element elementor-element-fd84e89 elementor-widget elementor-widget-video\" data-id=\"fd84e89\" data-element_type=\"widget\" data-settings=\"{&quot;video_type&quot;:&quot;hosted&quot;,&quot;show_image_overlay&quot;:&quot;yes&quot;,&quot;image_overlay&quot;:{&quot;url&quot;:&quot;https:\\\/\\\/rvsaude.com.br\\\/wp-content\\\/uploads\\\/2025\\\/01\\\/WhatsApp-Image-2023-11-29-at-10.18.31-1.webp&quot;,&quot;id&quot;:8016,&quot;size&quot;:&quot;&quot;,&quot;alt&quot;:&quot;&quot;,&quot;source&quot;:&quot;library&quot;},&quot;ekit_we_effect_on&quot;:&quot;none&quot;}\" data-widget_type=\"video.default\">\n\t\t\t\t<div class=\"elementor-widget-container\">\n\t\t\t\t\t\t\t<div class=\"e-hosted-video elementor-wrapper elementor-open-inline\">\n\t\t\t\t\t<video class=\"elementor-video\" src=\"https:\/\/rvsaude.com.br\/wp-content\/uploads\/2025\/01\/Preparacao-da-mesa-cirurgica-em-realidade-virtual-Abril2022-CITEC.mp4\" preload=\"metadata\" controlslist=\"nodownload\"><\/video>\n\t\t\t\t\t\t<div class=\"elementor-custom-embed-image-overlay\" style=\"background-image: url(https:\/\/rvsaude.com.br\/wp-content\/uploads\/2025\/01\/WhatsApp-Image-2023-11-29-at-10.18.31-1.webp);\">\n\t\t\t\t\t\t\t\t\t\t\t\t\t\t\t\t<div class=\"elementor-custom-embed-play\" role=\"button\" aria-label=\"Reproduzir v\u00eddeo\" tabindex=\"0\">\n\t\t\t\t\t\t\t<svg aria-hidden=\"true\" class=\"e-font-icon-svg e-eicon-play\" viewbox=\"0 0 1000 1000\" xmlns=\"http:\/\/www.w3.org\/2000\/svg\"><path d=\"M838 162C746 71 633 25 500 25 371 25 258 71 163 162 71 254 25 367 25 500 25 633 71 746 163 837 254 929 367 979 500 979 633 979 746 933 838 837 929 746 975 633 975 500 975 367 929 254 838 162M808 192C892 279 933 379 933 500 933 621 892 725 808 808 725 892 621 938 500 938 379 938 279 896 196 808 113 725 67 621 67 500 67 379 108 279 196 192 279 108 383 62 500 62 621 62 721 108 808 192M438 392V642L642 517 438 392Z\"><\/path><\/svg>\t\t\t\t\t\t<\/div>\n\t\t\t\t\t\t\t\t\t<\/div>\n\t\t\t\t\t<\/div>\n\t\t\t\t\t\t<\/div>\n\t\t\t\t<\/div>\n\t\t\t\t<\/div>\n\t\t\t\t\t<\/div>\n\t\t\t\t<\/div>\n\t\t\t\t<\/div>\n\t\t\n    <div class=\"xs_social_share_widget xs_share_url after_content \t\tmain_content  wslu-style-1 wslu-share-box-shaped wslu-fill-colored wslu-none wslu-share-horizontal wslu-theme-font-no wslu-main_content\">\n\n\t\t\n        <ul>\n\t\t\t        <\/ul>\n    <\/div>","protected":false},"excerpt":{"rendered":"<p>Treinamento de profissionais Servi\u00e7os da RV SA\u00daDE Imagine um mundo onde o atendimento em cl\u00ednicas, hospitais e centros de diagn\u00f3stico, humanizado e eficiente. N\u00f3s estamos tornando isso poss\u00edvel! Com solu\u00e7\u00f5es inovadoras, como o Simulador de Resson\u00e2ncia Magn\u00e9tica em Realidade Virtual, garantimos mais conforto e seguran\u00e7a ao paciente. Al\u00e9m disso, oferecemos suporte e treinamento especializado para [&hellip;]<\/p>","protected":false},"author":1,"featured_media":0,"parent":0,"menu_order":0,"comment_status":"closed","ping_status":"closed","template":"","meta":{"postBodyCss":"","postBodyMargin":[],"postBodyPadding":[],"postBodyBackground":{"backgroundType":"classic","gradient":""},"footnotes":""},"class_list":["post-7992","page","type-page","status-publish","hentry"],"_links":{"self":[{"href":"https:\/\/rvsaude.com.br\/en\/wp-json\/wp\/v2\/pages\/7992","targetHints":{"allow":["GET"]}}],"collection":[{"href":"https:\/\/rvsaude.com.br\/en\/wp-json\/wp\/v2\/pages"}],"about":[{"href":"https:\/\/rvsaude.com.br\/en\/wp-json\/wp\/v2\/types\/page"}],"author":[{"embeddable":true,"href":"https:\/\/rvsaude.com.br\/en\/wp-json\/wp\/v2\/users\/1"}],"replies":[{"embeddable":true,"href":"https:\/\/rvsaude.com.br\/en\/wp-json\/wp\/v2\/comments?post=7992"}],"version-history":[{"count":31,"href":"https:\/\/rvsaude.com.br\/en\/wp-json\/wp\/v2\/pages\/7992\/revisions"}],"predecessor-version":[{"id":9442,"href":"https:\/\/rvsaude.com.br\/en\/wp-json\/wp\/v2\/pages\/7992\/revisions\/9442"}],"wp:attachment":[{"href":"https:\/\/rvsaude.com.br\/en\/wp-json\/wp\/v2\/media?parent=7992"}],"curies":[{"name":"wp","href":"https:\/\/api.w.org\/{rel}","templated":true}]}}