{"id":7544,"date":"2024-12-30T15:40:49","date_gmt":"2024-12-30T15:40:49","guid":{"rendered":"https:\/\/rvsaude.com.br\/?page_id=7544"},"modified":"2025-02-03T17:38:58","modified_gmt":"2025-02-03T17:38:58","slug":"contato","status":"publish","type":"page","link":"https:\/\/rvsaude.com.br\/en\/contato\/","title":{"rendered":"Contato"},"content":{"rendered":"<div data-elementor-type=\"wp-page\" data-elementor-id=\"7544\" class=\"elementor elementor-7544\" data-elementor-post-type=\"page\">\n\t\t\t\t<div class=\"elementor-element elementor-element-49a0340 e-flex e-con-boxed e-con e-parent\" data-id=\"49a0340\" data-element_type=\"container\">\n\t\t\t\t\t<div class=\"e-con-inner\">\n\t\t\t\t<div class=\"elementor-element elementor-element-0b43abb elementor-widget elementor-widget-heading\" data-id=\"0b43abb\" data-element_type=\"widget\" data-settings=\"{&quot;ekit_we_effect_on&quot;:&quot;none&quot;}\" data-widget_type=\"heading.default\">\n\t\t\t\t<div class=\"elementor-widget-container\">\n\t\t\t\t\t<h2 class=\"elementor-heading-title elementor-size-default\">Entre em contato<\/h2>\t\t\t\t<\/div>\n\t\t\t\t<\/div>\n\t\t\t\t<div class=\"elementor-element elementor-element-42b2ba0 elementor-widget elementor-widget-text-editor\" data-id=\"42b2ba0\" data-element_type=\"widget\" data-settings=\"{&quot;ekit_we_effect_on&quot;:&quot;none&quot;}\" data-widget_type=\"text-editor.default\">\n\t\t\t\t<div class=\"elementor-widget-container\">\n\t\t\t\t\t\t\t\t\t<p>Para receber uma demonstra\u00e7\u00e3o ou receber estudos cl\u00ednicos.<\/p>\t\t\t\t\t\t\t\t<\/div>\n\t\t\t\t<\/div>\n\t\t\t\t<div class=\"elementor-element elementor-element-8c96c78 elementor-widget elementor-widget-suseio-contactform\" data-id=\"8c96c78\" data-element_type=\"widget\" data-settings=\"{&quot;ekit_we_effect_on&quot;:&quot;none&quot;}\" data-widget_type=\"suseio-contactform.default\">\n\t\t\t\t<div class=\"elementor-widget-container\">\n\t\t\t\t\t\n<div class=\"wpcf7 no-js\" id=\"wpcf7-f5-o1\" lang=\"en-US\" dir=\"ltr\" data-wpcf7-id=\"5\">\n<div class=\"screen-reader-response\"><p role=\"status\" aria-live=\"polite\" aria-atomic=\"true\"><\/p> <ul><\/ul><\/div>\n<form action=\"\/en\/wp-json\/wp\/v2\/pages\/7544#wpcf7-f5-o1\" method=\"post\" class=\"wpcf7-form init\" aria-label=\"Contact form\" novalidate=\"novalidate\" data-status=\"init\" data-trp-original-action=\"\/en\/wp-json\/wp\/v2\/pages\/7544#wpcf7-f5-o1\">\n<fieldset class=\"hidden-fields-container\"><input type=\"hidden\" name=\"_wpcf7\" value=\"5\" \/><input type=\"hidden\" name=\"_wpcf7_version\" value=\"6.1.4\" \/><input type=\"hidden\" name=\"_wpcf7_locale\" value=\"en_US\" \/><input type=\"hidden\" name=\"_wpcf7_unit_tag\" value=\"wpcf7-f5-o1\" \/><input type=\"hidden\" name=\"_wpcf7_container_post\" value=\"0\" \/><input type=\"hidden\" name=\"_wpcf7_posted_data_hash\" value=\"\" \/><input type=\"hidden\" name=\"_wpcf7_recaptcha_response\" value=\"\" \/>\n<\/fieldset>\n<div class=\"form-1\">\n\t<div class=\"row row-form-1\">\n\t\t<div class=\"column-tablet-6 column-12\">\n\t\t\t<p><span class=\"wpcf7-form-control-wrap\" data-name=\"your-name\"><input size=\"40\" maxlength=\"400\" class=\"wpcf7-form-control wpcf7-text wpcf7-validates-as-required\" id=\"form-name-2\" aria-required=\"true\" aria-invalid=\"false\" placeholder=\"Nome *\" value=\"\" type=\"text\" name=\"your-name\" \/><\/span>\n\t\t\t<\/p>\n\t\t<\/div>\n\t\t<div class=\"column-tablet-6 column-12\">\n\t\t\t<p><span class=\"wpcf7-form-control-wrap\" data-name=\"your-email\"><input size=\"40\" maxlength=\"400\" class=\"wpcf7-form-control wpcf7-email wpcf7-validates-as-required wpcf7-text wpcf7-validates-as-email\" id=\"form-email-2\" aria-required=\"true\" aria-invalid=\"false\" placeholder=\"E-mail *\" value=\"\" type=\"email\" name=\"your-email\" \/><\/span>\n\t\t\t<\/p>\n\t\t<\/div>\n\t\t<div class=\"column-12\">\n\t\t\t<p><span class=\"wpcf7-form-control-wrap\" data-name=\"your-name\"><input size=\"40\" maxlength=\"400\" class=\"wpcf7-form-control wpcf7-text wpcf7-validates-as-required\" aria-required=\"true\" aria-invalid=\"false\" placeholder=\"Assunto *\" value=\"\" type=\"text\" name=\"your-name\" \/><\/span>\n\t\t\t<\/p>\n\t\t<\/div>\n\t\t<div class=\"column-12\">\n\t\t\t<p><span class=\"wpcf7-form-control-wrap\" data-name=\"your-message\"><textarea cols=\"40\" rows=\"6\" maxlength=\"2000\" class=\"wpcf7-form-control wpcf7-textarea wpcf7-validates-as-required\" aria-required=\"true\" aria-invalid=\"false\" placeholder=\"Mensagem*\" name=\"your-message\"><\/textarea><\/span>\n\t\t\t<\/p>\n\t\t<\/div>\n\t<\/div>\n\t<div class=\"wpcf7-button has-spinner\">\n\t\t<p><button type=\"submit\" value=\"Submit\" class=\"suseio-button\" ><span>Enviar<i aria-hidden=\"true\" class=\"suseio-icon-arrow-right\"><\/i><\/span><\/button>\n\t\t<\/p>\n\t<\/div>\n<\/div><div class=\"wpcf7-response-output\" aria-hidden=\"true\"><\/div>\n<input type=\"hidden\" name=\"trp-form-language\" value=\"en\"\/><\/form>\n<\/div>\n\t\t\t\t<\/div>\n\t\t\t\t<\/div>\n\t\t\t\t\t<\/div>\n\t\t\t\t<\/div>\n\t\t<div class=\"elementor-element elementor-element-0152bb3 e-flex e-con-boxed e-con e-parent\" data-id=\"0152bb3\" data-element_type=\"container\">\n\t\t\t\t\t<div class=\"e-con-inner\">\n\t\t<div class=\"elementor-element elementor-element-a4fbd33 e-con-full e-flex e-con e-child\" data-id=\"a4fbd33\" data-element_type=\"container\">\n\t\t\t\t<div class=\"elementor-element elementor-element-927f126 elementor-widget__width-initial elementor-mobile-align-center subtitle-position-below elementor-widget elementor-widget-suseio-heading\" data-id=\"927f126\" data-element_type=\"widget\" data-settings=\"{&quot;ekit_we_effect_on&quot;:&quot;none&quot;}\" data-widget_type=\"suseio-heading.default\">\n\t\t\t\t<div class=\"elementor-widget-container\">\n\t\t\t\t\t<div class=\"elementor-heading-wrapper-inner\"><h2 class=\"elementor-heading-title elementor-size-default\">Tem d\u00favidas? Entre em contato conosco!<\/h2><\/div>\t\t\t\t<\/div>\n\t\t\t\t<\/div>\n\t\t<div class=\"elementor-element elementor-element-691616b e-con-full e-flex e-con e-child\" data-id=\"691616b\" data-element_type=\"container\">\n\t\t\t\t<div class=\"elementor-element elementor-element-eb36c02 elementor-view-stacked elementor-shape-square elementor-position-left elementor-widget__width-initial elementor-widget-mobile__width-inherit elementor-mobile-position-top elementor-vertical-align-top elementor-widget elementor-widget-icon-box\" data-id=\"eb36c02\" data-element_type=\"widget\" data-settings=\"{&quot;ekit_we_effect_on&quot;:&quot;none&quot;}\" data-widget_type=\"icon-box.default\">\n\t\t\t\t<div class=\"elementor-widget-container\">\n\t\t\t\t\t    \t\t<div class=\"elementor-icon-box-wrapper\">\n    \t\t\t    \t\t\t<div class=\"elementor-icon-box-icon\">\n    \t\t\t\t<span class=\"elementor-icon elementor-animation-\" >\n    \t\t\t\t<i aria-hidden=\"true\" class=\"suseio-icon- suseio-icon-mail-send\"><\/i>\n    \t\t\t\t<\/span>\n\n    \t\t\t<\/div>\n    \t\t\t    \t\t\t<div class=\"elementor-icon-box-content\">\n    \t\t\t\t<h3 class=\"elementor-icon-box-title\">\n    \t\t\t\t\t<span  >\n    \t\t\t\t\t\tContato    \t\t\t\t\t<\/span>\n    \t\t\t\t<\/h3>\n    \t\t\t\t    \t\t\t\t\t<p class=\"elementor-icon-box-description\">\n    \t\t\t\t\t\tTelefone: <span style=\"font-weight:700;\">(82)99970-4261<\/span>\nEmail:contato@rvsaude.com.br    \t\t\t\t\t<\/p>\n    \t\t\t\t    \t\t\t<\/div>\n\n    \t\t<\/div>\n    \t\t\t\t\t\t<\/div>\n\t\t\t\t<\/div>\n\t\t\t\t<div class=\"elementor-element elementor-element-1352972 elementor-view-stacked elementor-shape-square elementor-position-left elementor-widget__width-initial elementor-widget-mobile__width-inherit elementor-mobile-position-top elementor-vertical-align-top elementor-widget elementor-widget-icon-box\" data-id=\"1352972\" data-element_type=\"widget\" data-settings=\"{&quot;ekit_we_effect_on&quot;:&quot;none&quot;}\" data-widget_type=\"icon-box.default\">\n\t\t\t\t<div class=\"elementor-widget-container\">\n\t\t\t\t\t    \t\t<div class=\"elementor-icon-box-wrapper\">\n    \t\t\t    \t\t\t<div class=\"elementor-icon-box-icon\">\n    \t\t\t\t<span class=\"elementor-icon elementor-animation-\" >\n    \t\t\t\t<i aria-hidden=\"true\" class=\"suseio-icon- suseio-icon-clock\"><\/i>\n    \t\t\t\t<\/span>\n\n    \t\t\t<\/div>\n    \t\t\t    \t\t\t<div class=\"elementor-icon-box-content\">\n    \t\t\t\t<h3 class=\"elementor-icon-box-title\">\n    \t\t\t\t\t<span  >\n    \t\t\t\t\t\tHor\u00e1rio de funcionamento    \t\t\t\t\t<\/span>\n    \t\t\t\t<\/h3>\n    \t\t\t\t    \t\t\t\t\t<p class=\"elementor-icon-box-description\">\n    \t\t\t\t\t\tSegunda- Sexta: 8H \u00e0s 18H\n    \t\t\t\t\t<\/p>\n    \t\t\t\t    \t\t\t<\/div>\n\n    \t\t<\/div>\n    \t\t\t\t\t\t<\/div>\n\t\t\t\t<\/div>\n\t\t\t\t<div class=\"elementor-element elementor-element-67d54d3 elementor-view-stacked elementor-shape-square elementor-position-left elementor-widget__width-initial elementor-widget-mobile__width-inherit elementor-mobile-position-top elementor-vertical-align-top elementor-widget elementor-widget-icon-box\" data-id=\"67d54d3\" data-element_type=\"widget\" data-settings=\"{&quot;ekit_we_effect_on&quot;:&quot;none&quot;}\" data-widget_type=\"icon-box.default\">\n\t\t\t\t<div class=\"elementor-widget-container\">\n\t\t\t\t\t    \t\t<div class=\"elementor-icon-box-wrapper\">\n    \t\t\t    \t\t\t<div class=\"elementor-icon-box-icon\">\n    \t\t\t\t<span class=\"elementor-icon elementor-animation-\" >\n    \t\t\t\t<i aria-hidden=\"true\" class=\"suseio-icon- suseio-icon-map-pin\"><\/i>\n    \t\t\t\t<\/span>\n\n    \t\t\t<\/div>\n    \t\t\t    \t\t\t<div class=\"elementor-icon-box-content\">\n    \t\t\t\t<h3 class=\"elementor-icon-box-title\">\n    \t\t\t\t\t<span  >\n    \t\t\t\t\t\tNosso escrit\u00f3rio    \t\t\t\t\t<\/span>\n    \t\t\t\t<\/h3>\n    \t\t\t\t    \t\t\t\t\t<p class=\"elementor-icon-box-description\">\n    \t\t\t\t\t\tRua \u00cdris Alagoense, 103, sala 004 quadra 0187, Lote Farol Macei\u00f3, AL 57051-370    \t\t\t\t\t<\/p>\n    \t\t\t\t    \t\t\t<\/div>\n\n    \t\t<\/div>\n    \t\t\t\t\t\t<\/div>\n\t\t\t\t<\/div>\n\t\t\t\t<\/div>\n\t\t\t\t<\/div>\n\t\t<div class=\"elementor-element elementor-element-3ac7be9 e-con-full e-flex e-con e-child\" data-id=\"3ac7be9\" data-element_type=\"container\">\n\t\t\t\t<div class=\"elementor-element elementor-element-c9181b2 elementor-widget elementor-widget-image\" data-id=\"c9181b2\" data-element_type=\"widget\" data-settings=\"{&quot;ekit_we_effect_on&quot;:&quot;none&quot;}\" data-widget_type=\"image.default\">\n\t\t\t\t<div class=\"elementor-widget-container\">\n\t\t\t\t\t\t\t\t\t\t\t\t\t\t\t<img fetchpriority=\"high\" decoding=\"async\" width=\"800\" height=\"527\" src=\"https:\/\/rvsaude.com.br\/wp-content\/uploads\/2024\/12\/6395716fd5b74e0981bd92edf9ca7a99.jpg\" class=\"attachment-full size-full wp-image-7601\" alt=\"\" srcset=\"https:\/\/rvsaude.com.br\/wp-content\/uploads\/2024\/12\/6395716fd5b74e0981bd92edf9ca7a99.jpg 800w, https:\/\/rvsaude.com.br\/wp-content\/uploads\/2024\/12\/6395716fd5b74e0981bd92edf9ca7a99-300x198.jpg 300w, https:\/\/rvsaude.com.br\/wp-content\/uploads\/2024\/12\/6395716fd5b74e0981bd92edf9ca7a99-768x506.jpg 768w, https:\/\/rvsaude.com.br\/wp-content\/uploads\/2024\/12\/6395716fd5b74e0981bd92edf9ca7a99-789x520.jpg 789w\" sizes=\"(max-width: 800px) 100vw, 800px\" \/>\t\t\t\t\t\t\t\t\t\t\t\t\t\t\t<\/div>\n\t\t\t\t<\/div>\n\t\t\t\t<\/div>\n\t\t\t\t\t<\/div>\n\t\t\t\t<\/div>\n\t\t<div class=\"elementor-element elementor-element-f3cf79e e-con-full e-flex e-con e-parent\" data-id=\"f3cf79e\" data-element_type=\"container\">\n\t\t\t\t<div class=\"elementor-element elementor-element-d282278 elementor-widget elementor-widget-google_maps\" data-id=\"d282278\" data-element_type=\"widget\" data-settings=\"{&quot;ekit_we_effect_on&quot;:&quot;none&quot;}\" data-widget_type=\"google_maps.default\">\n\t\t\t\t<div class=\"elementor-widget-container\">\n\t\t\t\t\t\t\t<div class=\"elementor-custom-embed\">\n\t\t\t<iframe loading=\"lazy\"\n\t\t\t\t\tsrc=\"https:\/\/maps.google.com\/maps?q=Rua%20%C3%8Dris%20Alagoense%2C%20103%2C%20sala%20004%20quadra%200187&#038;t=m&#038;z=12&#038;output=embed&#038;iwloc=near\"\n\t\t\t\t\ttitle=\"Rua \u00cdris Alagoense, 103, sala 004 quadra 0187\"\n\t\t\t\t\taria-label=\"Rua \u00cdris Alagoense, 103, sala 004 quadra 0187\"\n\t\t\t><\/iframe>\n\t\t<\/div>\n\t\t\t\t\t\t<\/div>\n\t\t\t\t<\/div>\n\t\t\t\t<\/div>\n\t\t<div class=\"elementor-element elementor-element-3c36196d elementor-hidden-mobile_extra elementor-hidden-mobile e-flex e-con-boxed elementor-invisible e-con e-parent\" data-id=\"3c36196d\" data-element_type=\"container\" data-settings=\"{&quot;animation&quot;:&quot;fadeInUp&quot;}\">\n\t\t\t\t\t<div class=\"e-con-inner\">\n\t\t\t\t<div class=\"elementor-element elementor-element-6ed80ff0 elementor-widget__width-initial elementor-widget elementor-widget-heading\" data-id=\"6ed80ff0\" data-element_type=\"widget\" data-settings=\"{&quot;ekit_we_effect_on&quot;:&quot;none&quot;}\" data-widget_type=\"heading.default\">\n\t\t\t\t<div class=\"elementor-widget-container\">\n\t\t\t\t\t<h1 class=\"elementor-heading-title elementor-size-default\">RV Sa\u00fade: inova\u00e7\u00e3o humana, tecnologia avan\u00e7ada, solu\u00e7\u00f5es transformadoras. \n\n\n\n\n\n\n\n\n\n\n\n<\/h1>\t\t\t\t<\/div>\n\t\t\t\t<\/div>\n\t\t\t\t<div class=\"elementor-element elementor-element-632a4c97 elementor-widget__width-initial elementor-widget elementor-widget-text-editor\" data-id=\"632a4c97\" data-element_type=\"widget\" data-settings=\"{&quot;ekit_we_effect_on&quot;:&quot;none&quot;}\" data-widget_type=\"text-editor.default\">\n\t\t\t\t<div class=\"elementor-widget-container\">\n\t\t\t\t\t\t\t\t\t<p>Transformamos tecnologia em solu\u00e7\u00f5es inovadoras para sa\u00fade. Experimente inova\u00e7\u00e3o, conforto e efici\u00eancia. Entre em contato e descubra mais!<\/p>\t\t\t\t\t\t\t\t<\/div>\n\t\t\t\t<\/div>\n\t\t\t\t<div class=\"elementor-element elementor-element-46ac0fee suseio_btn_icon_row-reverse elementor-align-center elementor-button-default elementor-widget elementor-widget-button\" data-id=\"46ac0fee\" data-element_type=\"widget\" data-settings=\"{&quot;icon_indent&quot;:{&quot;unit&quot;:&quot;px&quot;,&quot;size&quot;:&quot;&quot;,&quot;sizes&quot;:[]},&quot;ekit_we_effect_on&quot;:&quot;none&quot;}\" data-widget_type=\"button.default\">\n\t\t\t\t<div class=\"elementor-widget-container\">\n\t\t\t\t\t\t\t\t\t<div class=\"elementor-button-wrapper\">\n\t\t\t\t\t<a class=\"elementor-button elementor-button-link elementor-size-md\" href=\"https:\/\/api.whatsapp.com\/send?phone=5582999704261&#038;text=Ol%C3%A1+vim+pelo+site+da+RV+Sa%C3%BAde\">\n\t\t\t\t\t\t<span class=\"elementor-button-content-wrapper\">\n\t\t\t\t\t\t<span class=\"elementor-button-icon\">\n\t\t\t\t<i aria-hidden=\"true\" class=\"suseio-icon- suseio-icon-arrow-r\"><\/i>\t\t\t<\/span>\n\t\t\t\t\t\t\t\t\t<span class=\"elementor-button-text\">Fale Conosco<\/span>\n\t\t\t\t\t<\/span>\n\t\t\t\t\t<\/a>\n\t\t\t\t<\/div>\n\t\t\t\t\t\t\t\t<\/div>\n\t\t\t\t<\/div>\n\t\t\t\t<div class=\"elementor-element elementor-element-43ef8e26 elementor-absolute elementor-widget elementor-widget-text-editor\" data-id=\"43ef8e26\" data-element_type=\"widget\" id=\"saudeText\" data-settings=\"{&quot;_position&quot;:&quot;absolute&quot;,&quot;ekit_we_effect_on&quot;:&quot;none&quot;}\" data-widget_type=\"text-editor.default\">\n\t\t\t\t<div class=\"elementor-widget-container\">\n\t\t\t\t\t\t\t\t\t<p>RV SA\u00daDE<\/p>\t\t\t\t\t\t\t\t<\/div>\n\t\t\t\t<\/div>\n\t\t\t\t\t<\/div>\n\t\t\t\t<\/div>\n\t\t\t\t<\/div>\n\t\t\n    <div class=\"xs_social_share_widget xs_share_url after_content \t\tmain_content  wslu-style-1 wslu-share-box-shaped wslu-fill-colored wslu-none wslu-share-horizontal wslu-theme-font-no wslu-main_content\">\n\n\t\t\n        <ul>\n\t\t\t        <\/ul>\n    <\/div>","protected":false},"excerpt":{"rendered":"<p>Entre em contato Para receber uma demonstra\u00e7\u00e3o ou receber estudos cl\u00ednicos. Enviar Tem d\u00favidas? Entre em contato conosco! Contato Telefone: (82)99970-4261 Email:contato@rvsaude.com.br Hor\u00e1rio de funcionamento Segunda- Sexta: 8H \u00e0s 18H Nosso escrit\u00f3rio Rua \u00cdris Alagoense, 103, sala 004 quadra 0187, Lote Farol Macei\u00f3, AL 57051-370 RV Sa\u00fade: inova\u00e7\u00e3o humana, tecnologia avan\u00e7ada, solu\u00e7\u00f5es transformadoras. Transformamos tecnologia [&hellip;]<\/p>","protected":false},"author":1,"featured_media":0,"parent":0,"menu_order":0,"comment_status":"closed","ping_status":"closed","template":"","meta":{"postBodyCss":"","postBodyMargin":[],"postBodyPadding":[],"postBodyBackground":{"backgroundType":"classic","gradient":""},"footnotes":""},"class_list":["post-7544","page","type-page","status-publish","hentry"],"_links":{"self":[{"href":"https:\/\/rvsaude.com.br\/en\/wp-json\/wp\/v2\/pages\/7544","targetHints":{"allow":["GET"]}}],"collection":[{"href":"https:\/\/rvsaude.com.br\/en\/wp-json\/wp\/v2\/pages"}],"about":[{"href":"https:\/\/rvsaude.com.br\/en\/wp-json\/wp\/v2\/types\/page"}],"author":[{"embeddable":true,"href":"https:\/\/rvsaude.com.br\/en\/wp-json\/wp\/v2\/users\/1"}],"replies":[{"embeddable":true,"href":"https:\/\/rvsaude.com.br\/en\/wp-json\/wp\/v2\/comments?post=7544"}],"version-history":[{"count":83,"href":"https:\/\/rvsaude.com.br\/en\/wp-json\/wp\/v2\/pages\/7544\/revisions"}],"predecessor-version":[{"id":9616,"href":"https:\/\/rvsaude.com.br\/en\/wp-json\/wp\/v2\/pages\/7544\/revisions\/9616"}],"wp:attachment":[{"href":"https:\/\/rvsaude.com.br\/en\/wp-json\/wp\/v2\/media?parent=7544"}],"curies":[{"name":"wp","href":"https:\/\/api.w.org\/{rel}","templated":true}]}}