{"id":7510,"date":"2024-12-30T15:25:16","date_gmt":"2024-12-30T15:25:16","guid":{"rendered":"https:\/\/rvsaude.com.br\/?page_id=7510"},"modified":"2026-01-08T19:37:07","modified_gmt":"2026-01-08T19:37:07","slug":"planos","status":"publish","type":"page","link":"https:\/\/rvsaude.com.br\/en\/planos\/","title":{"rendered":"Planos"},"content":{"rendered":"<div data-elementor-type=\"wp-page\" data-elementor-id=\"7510\" class=\"elementor elementor-7510\" data-elementor-post-type=\"page\">\n\t\t\t\t<div class=\"elementor-element elementor-element-246531b5 e-flex e-con-boxed e-con e-parent\" data-id=\"246531b5\" data-element_type=\"container\">\n\t\t\t\t\t<div class=\"e-con-inner\">\n\t\t\t\t<div class=\"elementor-element elementor-element-aaeac69 subtitle-position-above elementor-widget__width-initial elementor-align-center elementor-widget elementor-widget-suseio-heading\" data-id=\"aaeac69\" data-element_type=\"widget\" data-settings=\"{&quot;ekit_we_effect_on&quot;:&quot;none&quot;}\" data-widget_type=\"suseio-heading.default\">\n\t\t\t\t<div class=\"elementor-widget-container\">\n\t\t\t\t\t<div class=\"elementor-heading-wrapper-inner\"><h2 class=\"elementor-heading-title elementor-size-default\">Solu\u00e7\u00f5es RV SA\u00daDE<\/h2><div class=\"elementor-sub-title\"><span>Nossos planos<\/span><\/div><\/div>\t\t\t\t<\/div>\n\t\t\t\t<\/div>\n\t\t<div class=\"elementor-element elementor-element-1f8ed4c9 e-con-full e-flex e-con e-child\" data-id=\"1f8ed4c9\" data-element_type=\"container\">\n\t\t<div class=\"elementor-element elementor-element-3369fc74 e-flex e-con-boxed elementor-invisible e-con e-child\" data-id=\"3369fc74\" data-element_type=\"container\" data-settings=\"{&quot;animation&quot;:&quot;opal-move-up&quot;,&quot;animation_delay&quot;:500,&quot;background_background&quot;:&quot;classic&quot;}\">\n\t\t\t\t\t<div class=\"e-con-inner\">\n\t\t\t\t<div class=\"elementor-element elementor-element-2899b2c0 elementor-widget elementor-widget-suseio-pricing\" data-id=\"2899b2c0\" data-element_type=\"widget\" data-settings=\"{&quot;ekit_we_effect_on&quot;:&quot;none&quot;}\" data-widget_type=\"suseio-pricing.default\">\n\t\t\t\t<div class=\"elementor-widget-container\">\n\t\t\t\t\t\n        <div class=\"elementor-price-table\">\n            <div class=\"elementor-price-table-deco\">\n                                    <div class=\"elementor-price-table__header\">\n                                            <h3 class=\"elementor-price-table__heading\">\n                        Plano Inicial                        <\/h3>\n                                                                <span class=\"elementor-price-table__subheading\">\n                        Escolher este plano                        <\/span>\n                     \n                    <\/div>\n                \n                                    <ul class=\"elementor-price-table__features-list\">\n                                                    <li class=\"elementor-repeater-item-0d13a99\">\n                                <div class=\"elementor-price-table__feature-inner\">\n                                    <i aria-hidden=\"true\" class=\"suseio-icon- suseio-icon-check-mark\"><\/i>                                                                            <span >\n                                                Software RV Sa\u00fade                                            <\/span>\n                                                                    <\/div>\n                            <\/li>\n                                                    <li class=\"elementor-repeater-item-c39f396\">\n                                <div class=\"elementor-price-table__feature-inner\">\n                                    <i aria-hidden=\"true\" class=\"suseio-icon- suseio-icon-check-mark\"><\/i>                                                                            <span >\n                                                Treinamento presencial                                            <\/span>\n                                                                    <\/div>\n                            <\/li>\n                                                    <li class=\"elementor-repeater-item-7405aac\">\n                                <div class=\"elementor-price-table__feature-inner\">\n                                    <i aria-hidden=\"true\" class=\"suseio-icon- suseio-icon-check-mark\"><\/i>                                                                            <span >\n                                                M\u00f3dulo Terap\u00eautico adulto                                            <\/span>\n                                                                    <\/div>\n                            <\/li>\n                                                    <li class=\"elementor-repeater-item-a11999c\">\n                                <div class=\"elementor-price-table__feature-inner\">\n                                    <i aria-hidden=\"true\" class=\"suseio-icon- suseio-icon-check-mark\"><\/i>                                                                            <span >\n                                                Licen\u00e7a de Software                                            <\/span>\n                                                                    <\/div>\n                            <\/li>\n                                            <\/ul>\n                \n            <div class=\"elementor-price-table__pricing\">\n                <div class=\"elementor-price-table__price\">\n\n                                                                                \n                    \n                    \n                <\/div>\n                \n                                    <div class=\"elementor-price-table__footer\">\n                                                    <a class=\"elementor-price-table__button elementor-button elementor-size-md\" href=\"https:\/\/api.whatsapp.com\/send?phone=5582999704261&#038;text=Ol%C3%A1+vim+pelo+site+da+RV+Sa%C3%BAde\">\n                                <span class=\"elementor-button-content-wrapper\">\n                                    <span class=\"elementor-button-text\">Fale conosco<\/span>\n                                                                            <span class=\"elementor-button-icon button-icon elementor-align-icon-left\">\n                                            <i class=\"suseio-icon- suseio-icon-arrow-right suseio-icon\" aria-hidden=\"true\"><\/i>\n                                        <\/span>\n                                                                    <\/span>\n                            <\/a>\n                        \n                    <\/div>\n                            <\/div>\n            <\/div>\n        <\/div>\n\n        \t\t\t\t<\/div>\n\t\t\t\t<\/div>\n\t\t\t\t\t<\/div>\n\t\t\t\t<\/div>\n\t\t<div class=\"elementor-element elementor-element-cd3e96f e-con-full e-flex elementor-invisible e-con e-child\" data-id=\"cd3e96f\" data-element_type=\"container\" data-settings=\"{&quot;animation&quot;:&quot;opal-move-up&quot;,&quot;animation_delay&quot;:1000}\">\n\t\t\t\t<div class=\"elementor-element elementor-element-5457e3eb elementor-widget elementor-widget-suseio-pricing\" data-id=\"5457e3eb\" data-element_type=\"widget\" data-settings=\"{&quot;ekit_we_effect_on&quot;:&quot;none&quot;}\" data-widget_type=\"suseio-pricing.default\">\n\t\t\t\t<div class=\"elementor-widget-container\">\n\t\t\t\t\t\n        <div class=\"elementor-price-table\">\n            <div class=\"elementor-price-table-deco\">\n                                    <div class=\"elementor-price-table__header\">\n                                            <h3 class=\"elementor-price-table__heading\">\n                        Plano Completo                        <\/h3>\n                                                                <span class=\"elementor-price-table__subheading\">\n                        Escolher este plano                        <\/span>\n                     \n                    <\/div>\n                \n                                    <ul class=\"elementor-price-table__features-list\">\n                                                    <li class=\"elementor-repeater-item-0d13a99\">\n                                <div class=\"elementor-price-table__feature-inner\">\n                                    <i aria-hidden=\"true\" class=\"suseio-icon- suseio-icon-check-mark\"><\/i>                                                                            <span >\n                                                Software RV Sa\u00fade                                            <\/span>\n                                                                    <\/div>\n                            <\/li>\n                                                    <li class=\"elementor-repeater-item-c39f396\">\n                                <div class=\"elementor-price-table__feature-inner\">\n                                    <i aria-hidden=\"true\" class=\"suseio-icon- suseio-icon-check-mark\"><\/i>                                                                            <span >\n                                                Treinamento presencial                                            <\/span>\n                                                                    <\/div>\n                            <\/li>\n                                                    <li class=\"elementor-repeater-item-419a0d7\">\n                                <div class=\"elementor-price-table__feature-inner\">\n                                    <i aria-hidden=\"true\" class=\"suseio-icon- suseio-icon-check-mark\"><\/i>                                                                            <span >\n                                                M\u00f3dulo terap\u00e9utico adulto                                            <\/span>\n                                                                    <\/div>\n                            <\/li>\n                                                    <li class=\"elementor-repeater-item-3855f9f\">\n                                <div class=\"elementor-price-table__feature-inner\">\n                                    <i aria-hidden=\"true\" class=\"suseio-icon- suseio-icon-check-mark\"><\/i>                                                                            <span >\n                                                \u00d3culos Meta Quest 2                                            <\/span>\n                                                                    <\/div>\n                            <\/li>\n                                                    <li class=\"elementor-repeater-item-8ea859c\">\n                                <div class=\"elementor-price-table__feature-inner\">\n                                    <i aria-hidden=\"true\" class=\"suseio-icon- suseio-icon-check-mark\"><\/i>                                                                            <span >\n                                                Assist\u00eancia e suporte                                            <\/span>\n                                                                    <\/div>\n                            <\/li>\n                                                    <li class=\"elementor-repeater-item-2e5e389\">\n                                <div class=\"elementor-price-table__feature-inner\">\n                                    <i aria-hidden=\"true\" class=\"suseio-icon- suseio-icon-check-mark\"><\/i>                                                                            <span >\n                                                Acesso ilimitado ao treinamento online                                            <\/span>\n                                                                    <\/div>\n                            <\/li>\n                                            <\/ul>\n                \n            <div class=\"elementor-price-table__pricing\">\n                <div class=\"elementor-price-table__price\">\n\n                                                                                \n                    \n                    \n                <\/div>\n                \n                                    <div class=\"elementor-price-table__footer\">\n                                                    <a class=\"elementor-price-table__button elementor-button elementor-size-md\" href=\"https:\/\/api.whatsapp.com\/send?phone=5582999704261&#038;text=Ol%C3%A1+vim+pelo+site+da+RV+Sa%C3%BAde\">\n                                <span class=\"elementor-button-content-wrapper\">\n                                    <span class=\"elementor-button-text\">Fale conosco<\/span>\n                                                                            <span class=\"elementor-button-icon button-icon elementor-align-icon-left\">\n                                            <i class=\"suseio-icon- suseio-icon-arrow-right suseio-icon\" aria-hidden=\"true\"><\/i>\n                                        <\/span>\n                                                                    <\/span>\n                            <\/a>\n                        \n                    <\/div>\n                            <\/div>\n            <\/div>\n        <\/div>\n\n        \t\t\t\t<\/div>\n\t\t\t\t<\/div>\n\t\t\t\t<\/div>\n\t\t\t\t<\/div>\n\t\t\t\t\t<\/div>\n\t\t\t\t<\/div>\n\t\t<div class=\"elementor-element elementor-element-3c36196d elementor-hidden-mobile_extra elementor-hidden-mobile e-flex e-con-boxed elementor-invisible e-con e-parent\" data-id=\"3c36196d\" data-element_type=\"container\" data-settings=\"{&quot;animation&quot;:&quot;fadeInUp&quot;}\">\n\t\t\t\t\t<div class=\"e-con-inner\">\n\t\t\t\t<div class=\"elementor-element elementor-element-6ed80ff0 elementor-widget__width-initial elementor-widget elementor-widget-heading\" data-id=\"6ed80ff0\" data-element_type=\"widget\" data-settings=\"{&quot;ekit_we_effect_on&quot;:&quot;none&quot;}\" data-widget_type=\"heading.default\">\n\t\t\t\t<div class=\"elementor-widget-container\">\n\t\t\t\t\t<h3 class=\"elementor-heading-title elementor-size-default\">RV Sa\u00fade: inova\u00e7\u00e3o humana, tecnologia avan\u00e7ada, solu\u00e7\u00f5es transformadoras. \n\n\n\n\n\n\n\n\n\n\n\n<\/h3>\t\t\t\t<\/div>\n\t\t\t\t<\/div>\n\t\t\t\t<div class=\"elementor-element elementor-element-632a4c97 elementor-widget__width-initial elementor-widget elementor-widget-text-editor\" data-id=\"632a4c97\" data-element_type=\"widget\" data-settings=\"{&quot;ekit_we_effect_on&quot;:&quot;none&quot;}\" data-widget_type=\"text-editor.default\">\n\t\t\t\t<div class=\"elementor-widget-container\">\n\t\t\t\t\t\t\t\t\t<p>Transformamos tecnologia em solu\u00e7\u00f5es inovadoras para sa\u00fade. Experimente inova\u00e7\u00e3o, conforto e efici\u00eancia. Entre em contato e descubra mais!<\/p>\t\t\t\t\t\t\t\t<\/div>\n\t\t\t\t<\/div>\n\t\t\t\t<div class=\"elementor-element elementor-element-46ac0fee suseio_btn_icon_row-reverse elementor-align-center elementor-button-default elementor-widget elementor-widget-button\" data-id=\"46ac0fee\" data-element_type=\"widget\" data-settings=\"{&quot;icon_indent&quot;:{&quot;unit&quot;:&quot;px&quot;,&quot;size&quot;:&quot;&quot;,&quot;sizes&quot;:[]},&quot;ekit_we_effect_on&quot;:&quot;none&quot;}\" data-widget_type=\"button.default\">\n\t\t\t\t<div class=\"elementor-widget-container\">\n\t\t\t\t\t\t\t\t\t<div class=\"elementor-button-wrapper\">\n\t\t\t\t\t<a class=\"elementor-button elementor-button-link elementor-size-md\" href=\"https:\/\/api.whatsapp.com\/send?phone=5582999704261&#038;text=Ol%C3%A1+vim+pelo+site+da+RV+Sa%C3%BAde\">\n\t\t\t\t\t\t<span class=\"elementor-button-content-wrapper\">\n\t\t\t\t\t\t<span class=\"elementor-button-icon\">\n\t\t\t\t<i aria-hidden=\"true\" class=\"suseio-icon- suseio-icon-arrow-r\"><\/i>\t\t\t<\/span>\n\t\t\t\t\t\t\t\t\t<span class=\"elementor-button-text\">Fale Conosco<\/span>\n\t\t\t\t\t<\/span>\n\t\t\t\t\t<\/a>\n\t\t\t\t<\/div>\n\t\t\t\t\t\t\t\t<\/div>\n\t\t\t\t<\/div>\n\t\t\t\t<div class=\"elementor-element elementor-element-43ef8e26 elementor-absolute elementor-widget elementor-widget-text-editor\" data-id=\"43ef8e26\" data-element_type=\"widget\" id=\"saudeText\" data-settings=\"{&quot;_position&quot;:&quot;absolute&quot;,&quot;ekit_we_effect_on&quot;:&quot;none&quot;}\" data-widget_type=\"text-editor.default\">\n\t\t\t\t<div class=\"elementor-widget-container\">\n\t\t\t\t\t\t\t\t\t<p>RV SA\u00daDE<\/p>\t\t\t\t\t\t\t\t<\/div>\n\t\t\t\t<\/div>\n\t\t\t\t\t<\/div>\n\t\t\t\t<\/div>\n\t\t\t\t<\/div>\n\t\t\n    <div class=\"xs_social_share_widget xs_share_url after_content \t\tmain_content  wslu-style-1 wslu-share-box-shaped wslu-fill-colored wslu-none wslu-share-horizontal wslu-theme-font-no wslu-main_content\">\n\n\t\t\n        <ul>\n\t\t\t        <\/ul>\n    <\/div>","protected":false},"excerpt":{"rendered":"<p>Solu\u00e7\u00f5es RV SA\u00daDE Nossos planos Plano Inicial Escolher este plano Software RV Sa\u00fade Treinamento presencial M\u00f3dulo Terap\u00eautico adulto Licen\u00e7a de Software Fale conosco Plano Completo Escolher este plano Software RV Sa\u00fade Treinamento presencial M\u00f3dulo terap\u00e9utico adulto \u00d3culos Meta Quest 2 Assist\u00eancia e suporte Acesso ilimitado ao treinamento online Fale conosco RV Sa\u00fade: inova\u00e7\u00e3o humana, tecnologia [&hellip;]<\/p>","protected":false},"author":1,"featured_media":0,"parent":0,"menu_order":0,"comment_status":"closed","ping_status":"closed","template":"","meta":{"postBodyCss":"","postBodyMargin":[],"postBodyPadding":[],"postBodyBackground":{"backgroundType":"classic","gradient":""},"footnotes":""},"class_list":["post-7510","page","type-page","status-publish","hentry"],"_links":{"self":[{"href":"https:\/\/rvsaude.com.br\/en\/wp-json\/wp\/v2\/pages\/7510","targetHints":{"allow":["GET"]}}],"collection":[{"href":"https:\/\/rvsaude.com.br\/en\/wp-json\/wp\/v2\/pages"}],"about":[{"href":"https:\/\/rvsaude.com.br\/en\/wp-json\/wp\/v2\/types\/page"}],"author":[{"embeddable":true,"href":"https:\/\/rvsaude.com.br\/en\/wp-json\/wp\/v2\/users\/1"}],"replies":[{"embeddable":true,"href":"https:\/\/rvsaude.com.br\/en\/wp-json\/wp\/v2\/comments?post=7510"}],"version-history":[{"count":241,"href":"https:\/\/rvsaude.com.br\/en\/wp-json\/wp\/v2\/pages\/7510\/revisions"}],"predecessor-version":[{"id":9888,"href":"https:\/\/rvsaude.com.br\/en\/wp-json\/wp\/v2\/pages\/7510\/revisions\/9888"}],"wp:attachment":[{"href":"https:\/\/rvsaude.com.br\/en\/wp-json\/wp\/v2\/media?parent=7510"}],"curies":[{"name":"wp","href":"https:\/\/api.w.org\/{rel}","templated":true}]}}