{"id":7102,"date":"2024-12-27T15:01:14","date_gmt":"2024-12-27T15:01:14","guid":{"rendered":"https:\/\/rvsaude.com.br\/?page_id=7102"},"modified":"2025-02-03T19:32:38","modified_gmt":"2025-02-03T19:32:38","slug":"nosso-time","status":"publish","type":"page","link":"https:\/\/rvsaude.com.br\/en\/nosso-time\/","title":{"rendered":"Nosso time"},"content":{"rendered":"<div data-elementor-type=\"wp-page\" data-elementor-id=\"7102\" class=\"elementor elementor-7102\" data-elementor-post-type=\"page\">\n\t\t\t\t<div class=\"elementor-element elementor-element-912a95d e-flex e-con-boxed e-con e-parent\" data-id=\"912a95d\" data-element_type=\"container\">\n\t\t\t\t\t<div class=\"e-con-inner\">\n\t\t\t\t<div class=\"elementor-element elementor-element-a10bc39 subtitle-position-above elementor-align-center elementor-widget__width-initial elementor-widget elementor-widget-suseio-heading\" data-id=\"a10bc39\" data-element_type=\"widget\" data-settings=\"{&quot;ekit_we_effect_on&quot;:&quot;none&quot;}\" data-widget_type=\"suseio-heading.default\">\n\t\t\t\t<div class=\"elementor-widget-container\">\n\t\t\t\t\t<div class=\"elementor-heading-wrapper-inner\"><h2 class=\"elementor-heading-title elementor-size-default\">Especialistas em sa\u00fade, dados, realidade virtual e Metaverso, criando simuladores.\n\n\n\n\n\n\n<\/h2><div class=\"elementor-sub-title\"><span>                <span class=\"elementor-button-icon suseio-subtitle-icon-left\">\n                    <i aria-hidden=\"true\" class=\"suseio-icon- suseio-icon-flower\"><\/i>                <\/span>\n                Time RV SA\u00daDE<\/span><\/div><\/div>\t\t\t\t<\/div>\n\t\t\t\t<\/div>\n\t\t\t\t<div class=\"elementor-element elementor-element-3a4b281 elementor-grid-tablet_extra-4 elementor-grid-tablet-3 elementor-grid-mobile_extra-2 elementor-grid-mobile-1 elementor-team-style-2 elementor-grid-4 elementor-widget elementor-widget-suseio-team\" data-id=\"3a4b281\" data-element_type=\"widget\" data-settings=\"{&quot;column_tablet_extra&quot;:&quot;4&quot;,&quot;column_tablet&quot;:&quot;3&quot;,&quot;column_mobile_extra&quot;:&quot;2&quot;,&quot;column_mobile&quot;:&quot;1&quot;,&quot;column&quot;:&quot;4&quot;,&quot;column_spacing&quot;:{&quot;unit&quot;:&quot;px&quot;,&quot;size&quot;:30,&quot;sizes&quot;:[]},&quot;column_spacing_laptop&quot;:{&quot;unit&quot;:&quot;px&quot;,&quot;size&quot;:&quot;&quot;,&quot;sizes&quot;:[]},&quot;column_spacing_tablet_extra&quot;:{&quot;unit&quot;:&quot;px&quot;,&quot;size&quot;:&quot;&quot;,&quot;sizes&quot;:[]},&quot;column_spacing_tablet&quot;:{&quot;unit&quot;:&quot;px&quot;,&quot;size&quot;:&quot;&quot;,&quot;sizes&quot;:[]},&quot;column_spacing_mobile_extra&quot;:{&quot;unit&quot;:&quot;px&quot;,&quot;size&quot;:&quot;&quot;,&quot;sizes&quot;:[]},&quot;column_spacing_mobile&quot;:{&quot;unit&quot;:&quot;px&quot;,&quot;size&quot;:&quot;&quot;,&quot;sizes&quot;:[]},&quot;ekit_we_effect_on&quot;:&quot;none&quot;}\" data-widget_type=\"suseio-team.default\">\n\t\t\t\t<div class=\"elementor-widget-container\">\n\t\t\t\t\t<div class=\"suseio-team columns-4  elementor-team elementor-team-style2\">\n<div class=\"suseio-con\">\n    <ul class=\"suseio-team elementor-grid\">\n\n<li class=\"team team-style-2\">\n    <div class=\"team-block\">\n        <div class=\"team-transition\">\n            <figure class=\"team-image\">\n                <a href=\"https:\/\/rvsaude.com.br\/en\/team\/dra-jaqueline-maria-da-silva\/\" title=\"Dra. Jaqueline Maria da Silva\">\n                    <img decoding=\"async\" src=\"https:\/\/rvsaude.com.br\/wp-content\/uploads\/2024\/12\/Marcus-Medeiros-1-576x1024.png\" class=\"team_thumbnail\" alt=\"Dra. Jaqueline Maria da Silva\">\n                <\/a>\n                            <\/figure>\n        <\/div>\n        <div class=\"team-caption\">\n            <div class=\"team-caption-inner\">\n                                    <h3 class=\"team-loop-title\">\n                        <a href=\"https:\/\/rvsaude.com.br\/en\/team\/dra-jaqueline-maria-da-silva\/\">Dra. Jaqueline Maria da Silva<\/a>\n                    <\/h3>\n                                                <\/div>\n        <\/div>\n    <\/div>\n<\/li>\n<li class=\"team team-style-2\">\n    <div class=\"team-block\">\n        <div class=\"team-transition\">\n            <figure class=\"team-image\">\n                <a href=\"https:\/\/rvsaude.com.br\/en\/team\/marcus-medeiros\/\" title=\"Marcus Medeiros\">\n                    <img decoding=\"async\" src=\"https:\/\/rvsaude.com.br\/wp-content\/uploads\/2024\/12\/1-576x1024.png\" class=\"team_thumbnail\" alt=\"Marcus Medeiros\">\n                <\/a>\n                            <\/figure>\n        <\/div>\n        <div class=\"team-caption\">\n            <div class=\"team-caption-inner\">\n                                    <h3 class=\"team-loop-title\">\n                        <a href=\"https:\/\/rvsaude.com.br\/en\/team\/marcus-medeiros\/\">Marcus Medeiros<\/a>\n                    <\/h3>\n                                                <\/div>\n        <\/div>\n    <\/div>\n<\/li>\n<li class=\"team team-style-2\">\n    <div class=\"team-block\">\n        <div class=\"team-transition\">\n            <figure class=\"team-image\">\n                <a href=\"https:\/\/rvsaude.com.br\/en\/team\/gustavo-henrique-lourenco-barbosa\/\" title=\"Gustavo Henrique Louren\u00e7o Barbosa\">\n                    <img decoding=\"async\" src=\"https:\/\/rvsaude.com.br\/wp-content\/uploads\/2025\/01\/Colaborador-RV-SAUDE-576x1024.png\" class=\"team_thumbnail\" alt=\"Gustavo Henrique Louren\u00e7o Barbosa\">\n                <\/a>\n                            <\/figure>\n        <\/div>\n        <div class=\"team-caption\">\n            <div class=\"team-caption-inner\">\n                                    <h3 class=\"team-loop-title\">\n                        <a href=\"https:\/\/rvsaude.com.br\/en\/team\/gustavo-henrique-lourenco-barbosa\/\">Gustavo Henrique Louren\u00e7o Barbosa<\/a>\n                    <\/h3>\n                                                <\/div>\n        <\/div>\n    <\/div>\n<\/li>\n<li class=\"team team-style-2\">\n    <div class=\"team-block\">\n        <div class=\"team-transition\">\n            <figure class=\"team-image\">\n                <a href=\"https:\/\/rvsaude.com.br\/en\/team\/bruno-carnauba\/\" title=\"Bruno Carna\u00faba\">\n                    <img decoding=\"async\" src=\"https:\/\/rvsaude.com.br\/wp-content\/uploads\/2025\/01\/Colaborador-RV-SAUDE-1-576x1024.png\" class=\"team_thumbnail\" alt=\"Bruno Carna\u00faba\">\n                <\/a>\n                            <\/figure>\n        <\/div>\n        <div class=\"team-caption\">\n            <div class=\"team-caption-inner\">\n                                    <h3 class=\"team-loop-title\">\n                        <a href=\"https:\/\/rvsaude.com.br\/en\/team\/bruno-carnauba\/\">Bruno Carna\u00faba<\/a>\n                    <\/h3>\n                                                <\/div>\n        <\/div>\n    <\/div>\n<\/li>\n    <\/ul>\n<\/div><\/div>\t\t\t\t<\/div>\n\t\t\t\t<\/div>\n\t\t\t\t\t<\/div>\n\t\t\t\t<\/div>\n\t\t<div class=\"elementor-element elementor-element-3c36196d elementor-hidden-mobile_extra elementor-hidden-mobile e-flex e-con-boxed elementor-invisible e-con e-parent\" data-id=\"3c36196d\" data-element_type=\"container\" data-settings=\"{&quot;animation&quot;:&quot;fadeInUp&quot;}\">\n\t\t\t\t\t<div class=\"e-con-inner\">\n\t\t\t\t<div class=\"elementor-element elementor-element-6ed80ff0 elementor-widget__width-initial elementor-widget elementor-widget-heading\" data-id=\"6ed80ff0\" data-element_type=\"widget\" data-settings=\"{&quot;ekit_we_effect_on&quot;:&quot;none&quot;}\" data-widget_type=\"heading.default\">\n\t\t\t\t<div class=\"elementor-widget-container\">\n\t\t\t\t\t<h1 class=\"elementor-heading-title elementor-size-default\">RV Sa\u00fade: inova\u00e7\u00e3o humana, tecnologia avan\u00e7ada, solu\u00e7\u00f5es transformadoras. \n\n\n\n\n\n\n\n\n\n\n\n<\/h1>\t\t\t\t<\/div>\n\t\t\t\t<\/div>\n\t\t\t\t<div class=\"elementor-element elementor-element-632a4c97 elementor-widget__width-initial elementor-widget elementor-widget-text-editor\" data-id=\"632a4c97\" data-element_type=\"widget\" data-settings=\"{&quot;ekit_we_effect_on&quot;:&quot;none&quot;}\" data-widget_type=\"text-editor.default\">\n\t\t\t\t<div class=\"elementor-widget-container\">\n\t\t\t\t\t\t\t\t\t<p>Transformamos tecnologia em solu\u00e7\u00f5es inovadoras para sa\u00fade. Experimente inova\u00e7\u00e3o, conforto e efici\u00eancia. Entre em contato e descubra mais!<\/p>\t\t\t\t\t\t\t\t<\/div>\n\t\t\t\t<\/div>\n\t\t\t\t<div class=\"elementor-element elementor-element-46ac0fee suseio_btn_icon_row-reverse elementor-align-center elementor-button-default elementor-widget elementor-widget-button\" data-id=\"46ac0fee\" data-element_type=\"widget\" data-settings=\"{&quot;icon_indent&quot;:{&quot;unit&quot;:&quot;px&quot;,&quot;size&quot;:&quot;&quot;,&quot;sizes&quot;:[]},&quot;ekit_we_effect_on&quot;:&quot;none&quot;}\" data-widget_type=\"button.default\">\n\t\t\t\t<div class=\"elementor-widget-container\">\n\t\t\t\t\t\t\t\t\t<div class=\"elementor-button-wrapper\">\n\t\t\t\t\t<a class=\"elementor-button elementor-button-link elementor-size-md\" href=\"https:\/\/api.whatsapp.com\/send?phone=5582999704261&#038;text=Ol%C3%A1+vim+pelo+site+da+RV+Sa%C3%BAde\">\n\t\t\t\t\t\t<span class=\"elementor-button-content-wrapper\">\n\t\t\t\t\t\t<span class=\"elementor-button-icon\">\n\t\t\t\t<i aria-hidden=\"true\" class=\"suseio-icon- suseio-icon-arrow-r\"><\/i>\t\t\t<\/span>\n\t\t\t\t\t\t\t\t\t<span class=\"elementor-button-text\">Fale Conosco<\/span>\n\t\t\t\t\t<\/span>\n\t\t\t\t\t<\/a>\n\t\t\t\t<\/div>\n\t\t\t\t\t\t\t\t<\/div>\n\t\t\t\t<\/div>\n\t\t\t\t<div class=\"elementor-element elementor-element-43ef8e26 elementor-absolute elementor-widget elementor-widget-text-editor\" data-id=\"43ef8e26\" data-element_type=\"widget\" id=\"saudeText\" data-settings=\"{&quot;_position&quot;:&quot;absolute&quot;,&quot;ekit_we_effect_on&quot;:&quot;none&quot;}\" data-widget_type=\"text-editor.default\">\n\t\t\t\t<div class=\"elementor-widget-container\">\n\t\t\t\t\t\t\t\t\t<p>RV SA\u00daDE<\/p>\t\t\t\t\t\t\t\t<\/div>\n\t\t\t\t<\/div>\n\t\t\t\t\t<\/div>\n\t\t\t\t<\/div>\n\t\t\t\t<\/div>\n\t\t\n    <div class=\"xs_social_share_widget xs_share_url after_content \t\tmain_content  wslu-style-1 wslu-share-box-shaped wslu-fill-colored wslu-none wslu-share-horizontal wslu-theme-font-no wslu-main_content\">\n\n\t\t\n        <ul>\n\t\t\t        <\/ul>\n    <\/div>","protected":false},"excerpt":{"rendered":"<p>Especialistas em sa\u00fade, dados, realidade virtual e Metaverso, criando simuladores. Time RV SA\u00daDE Dra. Jaqueline Maria da Silva Marcus Medeiros Gustavo Henrique Louren\u00e7o Barbosa Bruno Carna\u00faba RV Sa\u00fade: inova\u00e7\u00e3o humana, tecnologia avan\u00e7ada, solu\u00e7\u00f5es transformadoras. Transformamos tecnologia em solu\u00e7\u00f5es inovadoras para sa\u00fade. Experimente inova\u00e7\u00e3o, conforto e efici\u00eancia. Entre em contato e descubra mais! Fale Conosco RV [&hellip;]<\/p>","protected":false},"author":1,"featured_media":0,"parent":0,"menu_order":0,"comment_status":"closed","ping_status":"closed","template":"","meta":{"postBodyCss":"","postBodyMargin":[],"postBodyPadding":[],"postBodyBackground":{"backgroundType":"classic","gradient":""},"footnotes":""},"class_list":["post-7102","page","type-page","status-publish","hentry"],"_links":{"self":[{"href":"https:\/\/rvsaude.com.br\/en\/wp-json\/wp\/v2\/pages\/7102","targetHints":{"allow":["GET"]}}],"collection":[{"href":"https:\/\/rvsaude.com.br\/en\/wp-json\/wp\/v2\/pages"}],"about":[{"href":"https:\/\/rvsaude.com.br\/en\/wp-json\/wp\/v2\/types\/page"}],"author":[{"embeddable":true,"href":"https:\/\/rvsaude.com.br\/en\/wp-json\/wp\/v2\/users\/1"}],"replies":[{"embeddable":true,"href":"https:\/\/rvsaude.com.br\/en\/wp-json\/wp\/v2\/comments?post=7102"}],"version-history":[{"count":88,"href":"https:\/\/rvsaude.com.br\/en\/wp-json\/wp\/v2\/pages\/7102\/revisions"}],"predecessor-version":[{"id":9573,"href":"https:\/\/rvsaude.com.br\/en\/wp-json\/wp\/v2\/pages\/7102\/revisions\/9573"}],"wp:attachment":[{"href":"https:\/\/rvsaude.com.br\/en\/wp-json\/wp\/v2\/media?parent=7102"}],"curies":[{"name":"wp","href":"https:\/\/api.w.org\/{rel}","templated":true}]}}